{"id":140,"date":"2022-02-07T10:17:23","date_gmt":"2022-02-07T10:17:23","guid":{"rendered":"https:\/\/merkulova.thkit.ee\/ta\/?page_id=140"},"modified":"2026-02-18T12:22:39","modified_gmt":"2026-02-18T10:22:39","slug":"projektijuhtimine","status":"publish","type":"page","link":"https:\/\/merkulova.thkit.ee\/ta\/projektijuhtimine\/","title":{"rendered":"Projektijuhtimine"},"content":{"rendered":"\n<p><\/p>\n\n\n\n<ul id=\"yui_3_17_2_1_1644229231446_200\" class=\"wp-block-list\">\n<li><strong>Projekt<\/strong> &#8211; on mingi tegevus piiratatud ajaga. Projektis pidi olema eesm\u00e4rk, plaan, ressursid \/ \u043d\u0435\u043a\u043e\u0442\u043e\u0440\u0430\u044f \u0434\u0435\u044f\u0442\u0435\u043b\u044c\u043d\u043e\u0441\u0442\u044c \u043e\u0433\u0440\u0430\u043d\u0438\u0447\u0435\u043d\u043d\u0430\u044f \u043f\u043e \u0432\u0440\u0435\u043c\u0435\u043d\u0438! \u0418\u043c\u0435\u0435\u0442 \u0446\u0435\u043b\u044c, \u043f\u043b\u0430\u043d, \u0440\u0435\u0441\u0443\u0440\u0441\u044b.<\/li>\n\n\n\n<li><strong>\u0427\u0442\u043e \u0442\u0430\u043a\u043e\u0435 \u043f\u0440\u043e\u0435\u043a\u0442?<\/strong>\n<ul class=\"wp-block-list\">\n<li>\u043d\u0435\u043a\u043e\u0442\u043e\u0440\u0430\u044f \u0434\u0435\u044f\u0442\u0435\u043b\u044c\u043d\u043e\u0441\u0442\u044c, \u0438\u043c\u0435\u044e\u0449\u0430\u044f:<\/li>\n\n\n\n<li>\u043a\u043e\u043d\u043a\u0440\u0435\u0442\u043d\u0443\u044e \u0446\u0435\u043b\u044c<\/li>\n\n\n\n<li>\u043d\u0430\u0447\u0430\u043b\u043e \u043a\u043e\u043d\u0435\u0446 \u2013 \u043e\u0433\u0440\u0430\u043d\u0438\u0447\u0435\u043d\u0438\u0435 \u043f\u043e \u0432\u0440\u0435\u043c\u0435\u043d\u0438<\/li>\n\n\n\n<li>\u0440\u0435\u0441\u0443\u0440\u0441\u044b \u2013 \u0447\u0435\u043b\u043e\u0432\u0435\u0447\u0435\u0441\u043a\u0438\u0439 \u0440\u0435\u0441\u0443\u0440\u0441, \u0434\u0435\u043d\u0435\u0436\u043d\u044b\u0439<\/li>\n<\/ul>\n<\/li>\n<\/ul>\n\n\n\n<figure class=\"wp-block-table\"><table class=\"has-fixed-layout\"><tbody><tr><td><\/td><td><strong>IT projekt<\/strong><\/td><td><strong>\u00c4ri-projekt<\/strong><\/td><\/tr><tr><td><strong>Erinevused:<\/strong><\/td><td>eesm\u00e4rgid ja plaan muutuvad projekti k\u00e4igus<\/td><td>l\u00e4hte\u00fclesanne on selge ja konkreetne<\/td><\/tr><tr><td><\/td><td>raske hinnata projekti riskid<\/td><td>konkreetsed riskid, mis saab m\u00f5\u00f5ta<\/td><\/tr><tr><td><\/td><td>Raske n\u00e4idata kliendile projekti ettekujutus<\/td><td>T\u00e4pne kujutis on olemas<\/td><\/tr><tr><td><strong>Tulemus \/ V\u00e4ljund:<\/strong><\/td><td>mittematerjaline v\u00e4\u00e4rtus<\/td><td>materjaline v\u00e4\u00e4rtus<\/td><\/tr><\/tbody><\/table><\/figure>\n\n\n\n<ul id=\"yui_3_17_2_1_1644229231446_200\" class=\"wp-block-list\">\n<li><strong>\u0418\u0422- \u043f\u0440\u043e\u0435\u043a\u0442<\/strong> &#8211; \u043f\u0440\u043e\u0435\u043a\u0442, \u0432 \u043a\u043e\u0442\u043e\u0440\u043e\u043c \u0442\u0440\u0443\u0434\u043d\u043e \u043e\u0446\u0435\u043d\u0438\u0442\u044c \u043f\u0440\u043e\u043c\u0435\u0436\u0443\u0442\u043e\u0447\u043d\u044b\u0439 \u0440\u0435\u0437\u0443\u043b\u044c\u0442\u0430\u0442 \u0438 \u043f\u043e\u0441\u0442\u0430\u0432\u0438\u0442\u044c \u043a\u043e\u043d\u043a\u0440\u0435\u0442\u043d\u044b\u0439 \u0441\u0440\u043e\u043a \u0432\u044b\u043f\u043e\u043b\u043d\u0435\u043d\u0438\u044f \u0437\u0430\u0434\u0430\u0447!<\/li>\n\n\n\n<li><strong>\u0431\u0438\u0437\u043d\u0435\u0441-\u043f\u0440\u043e\u0435\u043a\u0442 <\/strong>&#8211; \u043f\u0440\u043e\u0435\u043a\u0442, \u0443 \u043a\u043e\u0442\u043e\u0440\u043e\u0433\u043e \u0431\u043e\u043b\u0435\u0435 \u043b\u0435\u0433\u043a\u043e \u043f\u0440\u043e\u0441\u0447\u0438\u0442\u0430\u043d\u044b \u0432\u0441\u0435 \u0441\u0440\u043e\u043a\u0438 \u0432\u044b\u043f\u043e\u043b\u043d\u0435\u043d\u0438\u044f \u0438 \u0447\u0435\u0442\u043a\u043e \u043f\u043e\u0441\u0442\u0430\u0432\u043b\u0435\u043d\u044b \u0446\u0435\u043b\u0438 \u0438 \u043e\u043f\u0440\u0435\u0434\u0435\u043b\u0435\u043d\u044b \u0437\u0430\u0434\u0430\u0447\u0438 \/<a href=\"https:\/\/eopearhiiv.edu.ee\/e-kursused\/eucip\/juhtimine_vk\/513_____.html\">materjali link<\/a><\/li>\n\n\n\n<li><strong>\u043f\u0440\u043e\u0435\u043a\u0442 \u043f\u043e \u0440\u0430\u0437\u0440\u0430\u0431\u043e\u0442\u043a\u0435 &#8211;<\/strong> \u043f\u0440\u043e\u0435\u043a\u0442, \u0432 \u043a\u043e\u0442\u043e\u0440\u043e\u043c \u0434\u043e \u043a\u043e\u043d\u0446\u0430 \u043d\u0435 \u0438\u0437\u0432\u0435\u0441\u0442\u043d\u044b \u0432\u0441\u0435 \u043d\u0435\u043e\u0431\u0445\u043e\u0434\u0438\u043c\u044b\u0435 \u0434\u0435\u0439\u0441\u0442\u0432\u0438\u044f &#8211;&gt; \u0442\u0440\u0443\u0434\u043d\u043e \u043e\u043f\u0440\u0435\u0434\u0435\u043b\u0438\u0442\u044c \u043f\u0440\u043e\u0434\u043e\u043b\u0436\u0438\u0442\u0435\u043b\u044c\u043d\u043e\u0441\u0442\u044c \u0434\u0435\u0439\u0441\u0442\u0432\u0438\u0439\/ \u044d\u0442\u0430\u043f\u043e\u0432<\/li>\n\n\n\n<li><strong>\u043f\u0440\u043e\u0435\u043a\u0442 \u043f\u043e \u0440\u0435\u0430\u043b\u0438\u0437\u0430\u0446\u0438\u0438<\/strong> &#8211; \u0447\u0435\u0442\u043a\u043e \u043f\u043e\u0441\u0442\u0430\u0432\u043b\u0435\u043d\u043d\u044b\u0435 \u0446\u0435\u043b\u0438 \u0438 \u0432\u0440\u0435\u043c\u044f \u0438\u0445 \u0438\u0441\u043f\u043e\u043b\u043d\u0435\u043d\u0438\u044f.<\/li>\n\n\n\n<li>Projektides juhitakse \u00fcheksat komponenti:<br>eesm\u00e4rki (Project scope management)<br>aega (Project time management)<br>kvaliteeti (Project quality management)<br>kulusid (Project cost management)<br>inimesi (Project human resources management)<br>infovahetust (Project communication management)<br>allhankeid (Project procurement management) &#8211; \u0434\u0435\u043b\u0438\u0433\u0438\u0440\u043e\u0432\u0430\u043d\u0438\u0435 \u043d\u0435\u043a\u043e\u0442\u043e\u0440\u043e\u0439 \u0440\u0430\u0431\u043e\u0442\u044b \u0434\u0440\u0443\u0433\u0438\u043c \u0444\u0438\u0440\u043c\u0430\u043c \u043f\u043e \u0434\u043e\u0433\u043e\u0432\u043e\u0440\u0443<br>seoseid (Project integration management) &#8211; \u0437\u0430\u043a\u043b\u044e\u0447\u0435\u043d\u0438\u0435 \u0434\u043e\u0433\u043e\u0432\u043e\u0440\u043e\u0432 \u0432\u043d\u0443\u0442\u0440\u0438 \u043f\u0440\u043e\u0435\u043a\u0442\u0430 \u0438 \u0432\u043d\u0435 \u043f\u0440\u043e\u0435\u043a\u0442\u0430<\/li>\n\n\n\n<li>&#8220;Raudne kolmnurk&#8221; &#8211; kuidas omavahel seotud raha, aeg ja kvaliteet<br><img decoding=\"async\" src=\"https:\/\/merkulova.thkit.ee\/ta\/wp-content\/uploads\/2025\/04\/image.png\" alt=\"\"><\/li>\n\n\n\n<li><strong>Gantti diagramm<\/strong> ? &#8211; \u0434\u0438\u0430\u0433\u0440\u0430\u043c\u043c\u0430 \u0413\u0430\u043d\u0442\u0430 (\u0441\u0434\u0435\u043b\u0430\u0442\u044c \u043a\u0430\u0440\u0442\u0438\u043d\u043a\u0443 \u0434\u0438\u0430\u0433\u0440\u0430\u043c\u043c\u044b \u0438\u0437 \u0441\u0432\u043e\u0435\u0433\u043e \u043f\u0440\u043e\u0435\u043a\u0442\u0430)<\/li>\n<\/ul>\n\n\n\n<figure class=\"wp-block-image size-large\"><img loading=\"lazy\" decoding=\"async\" width=\"1024\" height=\"263\" src=\"https:\/\/merkulova.thkit.ee\/ta\/wp-content\/uploads\/2025\/01\/image-4-1024x263.png\" alt=\"\" class=\"wp-image-516\" srcset=\"https:\/\/merkulova.thkit.ee\/ta\/wp-content\/uploads\/2025\/01\/image-4-1024x263.png 1024w, https:\/\/merkulova.thkit.ee\/ta\/wp-content\/uploads\/2025\/01\/image-4-300x77.png 300w, https:\/\/merkulova.thkit.ee\/ta\/wp-content\/uploads\/2025\/01\/image-4-768x197.png 768w, https:\/\/merkulova.thkit.ee\/ta\/wp-content\/uploads\/2025\/01\/image-4-150x38.png 150w, https:\/\/merkulova.thkit.ee\/ta\/wp-content\/uploads\/2025\/01\/image-4.png 1134w\" sizes=\"auto, (max-width: 1024px) 100vw, 1024px\" \/><\/figure>\n\n\n\n<ul id=\"yui_3_17_2_1_1644229231446_200\" class=\"wp-block-list\">\n<li>?\u043a\u0440\u0438\u0442\u0438\u0447\u0435\u0441\u043a\u0438\u0439 \u043f\u0443\u0442\u044c \u043f\u0440\u043e\u0435\u043a\u0442\u0430 &#8211; projekti kriitiline tee<\/li>\n\n\n\n<li>?\u0432\u0438\u0434\u044b \u0440\u0438\u0441\u043a\u043e\u0432 \u0432 \u043f\u0440\u043e\u0435\u043a\u0442\u0435?<\/li>\n\n\n\n<li>\u0430\u0443\u0442\u0441\u043e\u0440\u0442\u0441\u0438\u043d\u0433<\/li>\n\n\n\n<li>?\u043a\u0440\u0430\u0443\u0434\u0441\u043e\u0440\u0442\u0441\u0438\u043d\u0433<\/li>\n\n\n\n<li>?\u0418\u0422 \u0430\u0443\u0434\u0438\u0442<\/li>\n\n\n\n<li>?ERP \u0441\u0438\u0441\u0442\u0435\u043c\u044b<\/li>\n\n\n\n<li>?ROI \u0434\u043b\u044f \u043e\u0446\u0435\u043d\u043a\u0438 \u043f\u0440\u043e\u0435\u043a\u0442\u043e\u0432<\/li>\n\n\n\n<li>?Tacit<\/li>\n\n\n\n<li>?Knowledge Managment System<\/li>\n\n\n\n<li>&nbsp;?c\u0438\u0441\u0442\u0435\u043c\u044b \u0443\u043f\u0440\u0430\u0432\u043b\u0435\u043d\u0438\u044f \u0431\u0430\u0437\u0430\u043c\u0438 \u0434\u0430\u043d\u043d\u044b\u0445 &#8211; \u043a\u0430\u043a\u0438\u0435 \u0437\u043d\u0430\u0435\u0442\u0435?<\/li>\n\n\n\n<li>?Project Managment Tool<\/li>\n<\/ul>\n\n\n\n<p>Allikas :<a href=\"https:\/\/eopearhiiv.edu.ee\/e-kursused\/eucip\/juhtimine\/5_projektijuhtimine.html\"> EUCIP link<\/a><\/p>\n\n\n\n<p><strong>PJ testk\u00fcsimused<\/strong> &#8211; kasuta <a href=\"https:\/\/docs.google.com\/forms\/d\/e\/1FAIpQLSe4bE1D2nUdfJZqffRhIvVFS118nUD73x12HpnVFwD4qIKKSQ\/viewform?c=0&amp;w=1\">Juhtimise n\u00e4idistest<\/a>, vali ainult k\u00fcsimused mis on seotud PJ ja tee nendest WP quizz (v\u00f5i mingi sarnane valikvastusega test)<\/p>\n\n\n\n<p><\/p>\n","protected":false},"excerpt":{"rendered":"<p>IT projekt \u00c4ri-projekt Erinevused: eesm\u00e4rgid ja plaan muutuvad projekti k\u00e4igus l\u00e4hte\u00fclesanne on selge ja konkreetne raske hinnata projekti riskid konkreetsed riskid, mis saab m\u00f5\u00f5ta Raske n\u00e4idata kliendile projekti ettekujutus T\u00e4pne kujutis on olemas Tulemus \/ V\u00e4ljund: mittematerjaline v\u00e4\u00e4rtus materjaline v\u00e4\u00e4rtus Allikas : EUCIP link PJ testk\u00fcsimused &#8211; kasuta Juhtimise n\u00e4idistest, vali ainult k\u00fcsimused mis on &hellip; <a href=\"https:\/\/merkulova.thkit.ee\/ta\/projektijuhtimine\/\" class=\"more-link\">Loe edasi <span class=\"screen-reader-text\">Projektijuhtimine<\/span> <span class=\"meta-nav\">&rarr;<\/span><\/a><\/p>\n","protected":false},"author":1,"featured_media":0,"parent":0,"menu_order":0,"comment_status":"closed","ping_status":"closed","template":"","meta":{"footnotes":""},"class_list":["post-140","page","type-page","status-publish","hentry"],"_links":{"self":[{"href":"https:\/\/merkulova.thkit.ee\/ta\/wp-json\/wp\/v2\/pages\/140","targetHints":{"allow":["GET"]}}],"collection":[{"href":"https:\/\/merkulova.thkit.ee\/ta\/wp-json\/wp\/v2\/pages"}],"about":[{"href":"https:\/\/merkulova.thkit.ee\/ta\/wp-json\/wp\/v2\/types\/page"}],"author":[{"embeddable":true,"href":"https:\/\/merkulova.thkit.ee\/ta\/wp-json\/wp\/v2\/users\/1"}],"replies":[{"embeddable":true,"href":"https:\/\/merkulova.thkit.ee\/ta\/wp-json\/wp\/v2\/comments?post=140"}],"version-history":[{"count":16,"href":"https:\/\/merkulova.thkit.ee\/ta\/wp-json\/wp\/v2\/pages\/140\/revisions"}],"predecessor-version":[{"id":562,"href":"https:\/\/merkulova.thkit.ee\/ta\/wp-json\/wp\/v2\/pages\/140\/revisions\/562"}],"wp:attachment":[{"href":"https:\/\/merkulova.thkit.ee\/ta\/wp-json\/wp\/v2\/media?parent=140"}],"curies":[{"name":"wp","href":"https:\/\/api.w.org\/{rel}","templated":true}]}}