{"id":164,"date":"2020-10-09T08:52:04","date_gmt":"2020-10-09T05:52:04","guid":{"rendered":"https:\/\/portfoo.wordpress.com\/?page_id=164"},"modified":"2020-10-09T08:52:04","modified_gmt":"2020-10-09T05:52:04","slug":"exceli-funktsioonid","status":"publish","type":"page","link":"https:\/\/merkulova.thkit.ee\/wp20\/exceli-funktsioonid\/","title":{"rendered":"Excel&#8217;i funktsioonid"},"content":{"rendered":"\n<p>SUM &#8211; liidab kokku k\u00f5ik arvud \/ \u0441\u043a\u043b\u0430\u0434\u044b\u0432\u0430\u0435\u0442 \u0432\u0441\u0435 \u0447\u0438\u0441\u043b\u0430<\/p>\n\n\n\n<p>AVERAGE &#8211; artimeetiline keskmine \/ <\/p>\n\n\n\n<p>MAX &#8211; leiab k\u00f5ige suurema arvu \/ \u043d\u0430\u0438\u0431\u043e\u043b\u044c\u0448\u0435\u0435<\/p>\n\n\n\n<p>MIN &#8211; leiab k\u00f5ige v\u00e4iksema arvu \/ \u043d\u0430\u0438\u043c\u0435\u043d\u044c\u0448\u0435\u0435<\/p>\n\n\n\n<p>COUNT &#8211; loeb kokku arvudega lahtrid \/ \u0441\u0447\u0438\u0442\u0430\u0435\u0442 \u043a\u043e\u043b\u0438\u0447\u0435\u0441\u0442\u0432\u043e \u044f\u0447\u0435\u0435\u043a, \u0437\u0430\u043f\u043e\u043b\u043d\u0435\u043d\u043d\u044b\u0445 \u0447\u0438\u0441\u043b\u0430\u043c\u0438<\/p>\n\n\n\n<p>COUNTA &#8211; loeb kokku k\u00f5ik t\u00e4idetud lahtrid &#8211; \u0441\u0447\u0438\u0442\u0430\u0435\u0442 \u043a\u043e\u043b\u0438\u0447\u0435\u0441\u0442\u0432\u043e \u0437\u0430\u043f\u043e\u043b\u043d\u0435\u043d\u043d\u044b\u0445 \u044f\u0447\u0435\u0435\u043a <\/p>\n\n\n\n<p>COUNTBLANK &#8211; loeb kokku t\u00fchjad lahtrid &#8211; \u0441\u0447\u0438\u0442\u0430\u0435\u0442 \u043a\u043e\u043b\u0438\u0447\u0435\u0441\u0442\u0432\u043e \u043f\u0443\u0441\u0442\u044b\u0445 \u044f\u0447\u0435\u0435\u043a<\/p>\n\n\n\n<p>PRODUCT &#8211; korrutab k\u00f5ik arvud omavahel<\/p>\n\n\n\n<p>ROMAN &#8211; teisendab arvu roomanumbriks<\/p>\n\n\n\n<p>ROUND &#8211; \u00fcmardab arvud<\/p>\n\n\n\n<figure class=\"wp-block-table\"><table><tbody><tr><td>1. Kuup\u00e4evad<\/td><td><\/td><\/tr><tr><td>T\u00e4nane kuup\u00e4ev<\/td><td>=TODAY()<\/td><\/tr><tr><td>Sinu s\u00fcnnip\u00e4ev see aasta<\/td><td>=&#8221;04.07.&#8221;&amp;YEAR(TODAY())<\/td><\/tr><tr><td>P\u00e4evi s\u00fcnnip\u00e4evani<\/td><td>=TODAY()-L3<\/td><\/tr><tr><td>Kuup\u00e4ev 7 p\u00e4eva p\u00e4rast<\/td><td>=TODAY()+7<\/td><\/tr><tr><td>Kuup\u00e4ev \u00fclehomme<\/td><td>&nbsp;<\/td><\/tr><tr><td>Kuup\u00e4ev 3 p\u00e4eva tagasi<\/td><td>&nbsp;<\/td><\/tr><\/tbody><\/table><\/figure>\n","protected":false},"excerpt":{"rendered":"<p>SUM &#8211; liidab kokku k\u00f5ik arvud \/ \u0441\u043a\u043b\u0430\u0434\u044b\u0432\u0430\u0435\u0442 \u0432\u0441\u0435 \u0447\u0438\u0441\u043b\u0430 AVERAGE &#8211; artimeetiline keskmine \/ MAX &#8211; leiab k\u00f5ige suurema arvu \/ \u043d\u0430\u0438\u0431\u043e\u043b\u044c\u0448\u0435\u0435 MIN &#8211; leiab k\u00f5ige v\u00e4iksema arvu \/ \u043d\u0430\u0438\u043c\u0435\u043d\u044c\u0448\u0435\u0435 COUNT &#8211; loeb kokku arvudega lahtrid \/ \u0441\u0447\u0438\u0442\u0430\u0435\u0442 \u043a\u043e\u043b\u0438\u0447\u0435\u0441\u0442\u0432\u043e \u044f\u0447\u0435\u0435\u043a, \u0437\u0430\u043f\u043e\u043b\u043d\u0435\u043d\u043d\u044b\u0445 \u0447\u0438\u0441\u043b\u0430\u043c\u0438 COUNTA &#8211; loeb kokku k\u00f5ik t\u00e4idetud lahtrid &#8211; \u0441\u0447\u0438\u0442\u0430\u0435\u0442 \u043a\u043e\u043b\u0438\u0447\u0435\u0441\u0442\u0432\u043e \u0437\u0430\u043f\u043e\u043b\u043d\u0435\u043d\u043d\u044b\u0445 \u044f\u0447\u0435\u0435\u043a [&hellip;]<\/p>\n","protected":false},"author":1,"featured_media":0,"parent":0,"menu_order":0,"comment_status":"closed","ping_status":"closed","template":"","meta":{"footnotes":""},"class_list":["post-164","page","type-page","status-publish","hentry"],"yoast_head":"<!-- This site is optimized with the Yoast SEO plugin v25.8 - https:\/\/yoast.com\/wordpress\/plugins\/seo\/ -->\n<title>Excel&#039;i funktsioonid - Irina Merkulova &otilde;pimapp | portfoolio<\/title>\n<meta name=\"robots\" content=\"index, follow, max-snippet:-1, max-image-preview:large, max-video-preview:-1\" \/>\n<link rel=\"canonical\" href=\"https:\/\/merkulova.thkit.ee\/wp20\/exceli-funktsioonid\/\" \/>\n<meta property=\"og:locale\" content=\"et_EE\" \/>\n<meta property=\"og:type\" content=\"article\" \/>\n<meta property=\"og:title\" content=\"Excel&#039;i funktsioonid - Irina Merkulova &otilde;pimapp | portfoolio\" \/>\n<meta property=\"og:description\" content=\"SUM &#8211; liidab kokku k\u00f5ik arvud \/ \u0441\u043a\u043b\u0430\u0434\u044b\u0432\u0430\u0435\u0442 \u0432\u0441\u0435 \u0447\u0438\u0441\u043b\u0430 AVERAGE &#8211; artimeetiline keskmine \/ MAX &#8211; leiab k\u00f5ige suurema arvu \/ \u043d\u0430\u0438\u0431\u043e\u043b\u044c\u0448\u0435\u0435 MIN &#8211; leiab k\u00f5ige v\u00e4iksema arvu \/ \u043d\u0430\u0438\u043c\u0435\u043d\u044c\u0448\u0435\u0435 COUNT &#8211; loeb kokku arvudega lahtrid \/ \u0441\u0447\u0438\u0442\u0430\u0435\u0442 \u043a\u043e\u043b\u0438\u0447\u0435\u0441\u0442\u0432\u043e \u044f\u0447\u0435\u0435\u043a, \u0437\u0430\u043f\u043e\u043b\u043d\u0435\u043d\u043d\u044b\u0445 \u0447\u0438\u0441\u043b\u0430\u043c\u0438 COUNTA &#8211; loeb kokku k\u00f5ik t\u00e4idetud lahtrid &#8211; \u0441\u0447\u0438\u0442\u0430\u0435\u0442 \u043a\u043e\u043b\u0438\u0447\u0435\u0441\u0442\u0432\u043e \u0437\u0430\u043f\u043e\u043b\u043d\u0435\u043d\u043d\u044b\u0445 \u044f\u0447\u0435\u0435\u043a [&hellip;]\" \/>\n<meta property=\"og:url\" content=\"https:\/\/merkulova.thkit.ee\/wp20\/exceli-funktsioonid\/\" \/>\n<meta property=\"og:site_name\" content=\"Irina Merkulova &otilde;pimapp | portfoolio\" \/>\n<meta name=\"twitter:card\" content=\"summary_large_image\" \/>\n<meta name=\"twitter:label1\" content=\"Est. reading time\" \/>\n\t<meta name=\"twitter:data1\" content=\"1 minut\" \/>\n<script type=\"application\/ld+json\" class=\"yoast-schema-graph\">{\"@context\":\"https:\/\/schema.org\",\"@graph\":[{\"@type\":\"WebPage\",\"@id\":\"https:\/\/merkulova.thkit.ee\/wp20\/exceli-funktsioonid\/\",\"url\":\"https:\/\/merkulova.thkit.ee\/wp20\/exceli-funktsioonid\/\",\"name\":\"Excel'i funktsioonid - Irina Merkulova &otilde;pimapp | portfoolio\",\"isPartOf\":{\"@id\":\"https:\/\/merkulova.thkit.ee\/wp20\/#website\"},\"datePublished\":\"2020-10-09T05:52:04+00:00\",\"breadcrumb\":{\"@id\":\"https:\/\/merkulova.thkit.ee\/wp20\/exceli-funktsioonid\/#breadcrumb\"},\"inLanguage\":\"et\",\"potentialAction\":[{\"@type\":\"ReadAction\",\"target\":[\"https:\/\/merkulova.thkit.ee\/wp20\/exceli-funktsioonid\/\"]}]},{\"@type\":\"BreadcrumbList\",\"@id\":\"https:\/\/merkulova.thkit.ee\/wp20\/exceli-funktsioonid\/#breadcrumb\",\"itemListElement\":[{\"@type\":\"ListItem\",\"position\":1,\"name\":\"\u0413\u043b\u0430\u0432\u043d\u0430\u044f \u0441\u0442\u0440\u0430\u043d\u0438\u0446\u0430\",\"item\":\"https:\/\/merkulova.thkit.ee\/wp20\/\"},{\"@type\":\"ListItem\",\"position\":2,\"name\":\"Excel&#8217;i funktsioonid\"}]},{\"@type\":\"WebSite\",\"@id\":\"https:\/\/merkulova.thkit.ee\/wp20\/#website\",\"url\":\"https:\/\/merkulova.thkit.ee\/wp20\/\",\"name\":\"Veebirakenduse portfoolio\",\"description\":\"Noorem Tarkvaraarendaja eriala\",\"publisher\":{\"@id\":\"https:\/\/merkulova.thkit.ee\/wp20\/#\/schema\/person\/3e81f4867c46822cdeca159fa89142ae\"},\"potentialAction\":[{\"@type\":\"SearchAction\",\"target\":{\"@type\":\"EntryPoint\",\"urlTemplate\":\"https:\/\/merkulova.thkit.ee\/wp20\/?s={search_term_string}\"},\"query-input\":{\"@type\":\"PropertyValueSpecification\",\"valueRequired\":true,\"valueName\":\"search_term_string\"}}],\"inLanguage\":\"et\"},{\"@type\":[\"Person\",\"Organization\"],\"@id\":\"https:\/\/merkulova.thkit.ee\/wp20\/#\/schema\/person\/3e81f4867c46822cdeca159fa89142ae\",\"name\":\"admin\",\"image\":{\"@type\":\"ImageObject\",\"inLanguage\":\"et\",\"@id\":\"https:\/\/merkulova.thkit.ee\/wp20\/#\/schema\/person\/image\/\",\"url\":\"https:\/\/secure.gravatar.com\/avatar\/4c53fa504772b2274d9d09d84825a2c569865fca538b5b70247d8f1668b9eb51?s=96&d=mm&r=g\",\"contentUrl\":\"https:\/\/secure.gravatar.com\/avatar\/4c53fa504772b2274d9d09d84825a2c569865fca538b5b70247d8f1668b9eb51?s=96&d=mm&r=g\",\"caption\":\"admin\"},\"logo\":{\"@id\":\"https:\/\/merkulova.thkit.ee\/wp20\/#\/schema\/person\/image\/\"},\"sameAs\":[\"https:\/\/merkulova.thkit.ee\/wp20\"]}]}<\/script>\n<!-- \/ Yoast SEO plugin. -->","yoast_head_json":{"title":"Excel'i funktsioonid - Irina Merkulova &otilde;pimapp | portfoolio","robots":{"index":"index","follow":"follow","max-snippet":"max-snippet:-1","max-image-preview":"max-image-preview:large","max-video-preview":"max-video-preview:-1"},"canonical":"https:\/\/merkulova.thkit.ee\/wp20\/exceli-funktsioonid\/","og_locale":"et_EE","og_type":"article","og_title":"Excel'i funktsioonid - Irina Merkulova &otilde;pimapp | portfoolio","og_description":"SUM &#8211; liidab kokku k\u00f5ik arvud \/ \u0441\u043a\u043b\u0430\u0434\u044b\u0432\u0430\u0435\u0442 \u0432\u0441\u0435 \u0447\u0438\u0441\u043b\u0430 AVERAGE &#8211; artimeetiline keskmine \/ MAX &#8211; leiab k\u00f5ige suurema arvu \/ \u043d\u0430\u0438\u0431\u043e\u043b\u044c\u0448\u0435\u0435 MIN &#8211; leiab k\u00f5ige v\u00e4iksema arvu \/ \u043d\u0430\u0438\u043c\u0435\u043d\u044c\u0448\u0435\u0435 COUNT &#8211; loeb kokku arvudega lahtrid \/ \u0441\u0447\u0438\u0442\u0430\u0435\u0442 \u043a\u043e\u043b\u0438\u0447\u0435\u0441\u0442\u0432\u043e \u044f\u0447\u0435\u0435\u043a, \u0437\u0430\u043f\u043e\u043b\u043d\u0435\u043d\u043d\u044b\u0445 \u0447\u0438\u0441\u043b\u0430\u043c\u0438 COUNTA &#8211; loeb kokku k\u00f5ik t\u00e4idetud lahtrid &#8211; \u0441\u0447\u0438\u0442\u0430\u0435\u0442 \u043a\u043e\u043b\u0438\u0447\u0435\u0441\u0442\u0432\u043e \u0437\u0430\u043f\u043e\u043b\u043d\u0435\u043d\u043d\u044b\u0445 \u044f\u0447\u0435\u0435\u043a [&hellip;]","og_url":"https:\/\/merkulova.thkit.ee\/wp20\/exceli-funktsioonid\/","og_site_name":"Irina Merkulova &otilde;pimapp | portfoolio","twitter_card":"summary_large_image","twitter_misc":{"Est. reading time":"1 minut"},"schema":{"@context":"https:\/\/schema.org","@graph":[{"@type":"WebPage","@id":"https:\/\/merkulova.thkit.ee\/wp20\/exceli-funktsioonid\/","url":"https:\/\/merkulova.thkit.ee\/wp20\/exceli-funktsioonid\/","name":"Excel'i funktsioonid - Irina Merkulova &otilde;pimapp | portfoolio","isPartOf":{"@id":"https:\/\/merkulova.thkit.ee\/wp20\/#website"},"datePublished":"2020-10-09T05:52:04+00:00","breadcrumb":{"@id":"https:\/\/merkulova.thkit.ee\/wp20\/exceli-funktsioonid\/#breadcrumb"},"inLanguage":"et","potentialAction":[{"@type":"ReadAction","target":["https:\/\/merkulova.thkit.ee\/wp20\/exceli-funktsioonid\/"]}]},{"@type":"BreadcrumbList","@id":"https:\/\/merkulova.thkit.ee\/wp20\/exceli-funktsioonid\/#breadcrumb","itemListElement":[{"@type":"ListItem","position":1,"name":"\u0413\u043b\u0430\u0432\u043d\u0430\u044f \u0441\u0442\u0440\u0430\u043d\u0438\u0446\u0430","item":"https:\/\/merkulova.thkit.ee\/wp20\/"},{"@type":"ListItem","position":2,"name":"Excel&#8217;i funktsioonid"}]},{"@type":"WebSite","@id":"https:\/\/merkulova.thkit.ee\/wp20\/#website","url":"https:\/\/merkulova.thkit.ee\/wp20\/","name":"Veebirakenduse portfoolio","description":"Noorem Tarkvaraarendaja eriala","publisher":{"@id":"https:\/\/merkulova.thkit.ee\/wp20\/#\/schema\/person\/3e81f4867c46822cdeca159fa89142ae"},"potentialAction":[{"@type":"SearchAction","target":{"@type":"EntryPoint","urlTemplate":"https:\/\/merkulova.thkit.ee\/wp20\/?s={search_term_string}"},"query-input":{"@type":"PropertyValueSpecification","valueRequired":true,"valueName":"search_term_string"}}],"inLanguage":"et"},{"@type":["Person","Organization"],"@id":"https:\/\/merkulova.thkit.ee\/wp20\/#\/schema\/person\/3e81f4867c46822cdeca159fa89142ae","name":"admin","image":{"@type":"ImageObject","inLanguage":"et","@id":"https:\/\/merkulova.thkit.ee\/wp20\/#\/schema\/person\/image\/","url":"https:\/\/secure.gravatar.com\/avatar\/4c53fa504772b2274d9d09d84825a2c569865fca538b5b70247d8f1668b9eb51?s=96&d=mm&r=g","contentUrl":"https:\/\/secure.gravatar.com\/avatar\/4c53fa504772b2274d9d09d84825a2c569865fca538b5b70247d8f1668b9eb51?s=96&d=mm&r=g","caption":"admin"},"logo":{"@id":"https:\/\/merkulova.thkit.ee\/wp20\/#\/schema\/person\/image\/"},"sameAs":["https:\/\/merkulova.thkit.ee\/wp20"]}]}},"_links":{"self":[{"href":"https:\/\/merkulova.thkit.ee\/wp20\/wp-json\/wp\/v2\/pages\/164","targetHints":{"allow":["GET"]}}],"collection":[{"href":"https:\/\/merkulova.thkit.ee\/wp20\/wp-json\/wp\/v2\/pages"}],"about":[{"href":"https:\/\/merkulova.thkit.ee\/wp20\/wp-json\/wp\/v2\/types\/page"}],"author":[{"embeddable":true,"href":"https:\/\/merkulova.thkit.ee\/wp20\/wp-json\/wp\/v2\/users\/1"}],"replies":[{"embeddable":true,"href":"https:\/\/merkulova.thkit.ee\/wp20\/wp-json\/wp\/v2\/comments?post=164"}],"version-history":[{"count":0,"href":"https:\/\/merkulova.thkit.ee\/wp20\/wp-json\/wp\/v2\/pages\/164\/revisions"}],"wp:attachment":[{"href":"https:\/\/merkulova.thkit.ee\/wp20\/wp-json\/wp\/v2\/media?parent=164"}],"curies":[{"name":"wp","href":"https:\/\/api.w.org\/{rel}","templated":true}]}}