{"id":249,"date":"2021-09-14T08:04:51","date_gmt":"2021-09-14T06:04:51","guid":{"rendered":"https:\/\/merkulova.thkit.ee\/wp20\/?page_id=249"},"modified":"2024-11-06T08:42:47","modified_gmt":"2024-11-06T06:42:47","slug":"inglise-vene-terms-dictionary","status":"publish","type":"page","link":"https:\/\/merkulova.thkit.ee\/wp20\/inglise-vene-terms-dictionary\/","title":{"rendered":"Inglise-eesti\/vene terminid\/ dictionary"},"content":{"rendered":"\n<p><\/p>\n\n\n<div class=\"dictionary\">\r\n\t<form class=\"terms_search\"><input type=\"text\" name=\"terms_s\" value=\"\" required><input type=\"submit\" value=\"search\"><\/form><nav class=\"letters\"><a href=\"?letter=49\" class=\"letter \">A<\/a><a href=\"?letter=29\" class=\"letter \">B<\/a><a href=\"?letter=27\" class=\"letter \">C<\/a><a href=\"?letter=46\" class=\"letter \">D<\/a><a href=\"?letter=38\" class=\"letter \">E<\/a><a href=\"?letter=28\" class=\"letter \">F<\/a><a href=\"?letter=26\" class=\"letter \">H<\/a><a href=\"?letter=51\" class=\"letter \">I<\/a><a href=\"?letter=33\" class=\"letter \">L<\/a><a href=\"?letter=30\" class=\"letter \">M<\/a><a href=\"?letter=48\" class=\"letter \">N<\/a><a href=\"?letter=50\" class=\"letter \">O<\/a><a href=\"?letter=37\" class=\"letter \">P<\/a><a href=\"?letter=31\" class=\"letter \">R<\/a><a href=\"?letter=32\" class=\"letter \">S<\/a><a href=\"?letter=47\" class=\"letter \">T<\/a><a href=\"?letter=39\" class=\"letter \">\u041e<\/a><\/nav><div class=\"terms\"><div class=\"term\"><strong>Array()<\/strong>  - <strong>Array()<\/strong> - m\u00e4\u00e4rab massiivi JS, algab nulliga ja sulgudes kirjutatakse elemendid\r\n\r\nN\u00e4ide:\r\n\r\n<em>Array(element1, element2, ...)<\/em><\/div><div class=\"term\"><strong>beginPath<\/strong>  - beginPath() - \u043c\u0435\u0442\u043e\u0434 JS \u043d\u0430\u0447\u0438\u043d\u0430\u0435\u0442 \u0442\u0440\u0430\u0435\u043a\u0442\u043e\u0440\u0438\u044e \u043d\u0430 canvas\r\n\u0438\u0441\u043f\u043e\u043b\u044c\u0437\u0443\u0435\u0442\u0441\u044f \u043f\u0440\u0438 \u0440\u0438\u0441\u043e\u0432\u0430\u043d\u0438\u0438 \u043b\u0438\u043d\u0438\u0438, \u043e\u043a\u0440\u0443\u0436\u043d\u043e\u0441\u0442\u0438<\/div><div class=\"term\"><strong>body<\/strong> (<a href=\"?terms-tag=43\">CSS<\/a>, <a href=\"?terms-tag=42\">HTML<\/a>) - HTML, CSS\r\n\r\nHTML lehe sisu, mida n\u00e4eb kasutaja ja mida n\u00e4itab veebilehitseja (brauser).\r\n\r\nN\u00e4ide: &lt;body&gt;&lt;\/body&gt;\r\n\r\nbody{omadus}<\/div><div class=\"term\"><strong>body<\/strong>  - \u043a\u043e\u043d\u0442\u0435\u043d\u0442 \/\u0441\u043e\u0434\u0435\u0440\u0436\u0438\u043c\u043e\u0435 \u0432\u0435\u0431-\u0441\u0442\u0440\u0430\u043d\u0438\u0446\u044b\r\n\r\n&lt;body&gt;<\/div><div class=\"term\"><strong>button<\/strong>  - &lt;button&gt;\u00a0 \u043a\u043b\u0438\u043a\u0430\u0431\u0435\u043b\u044c\u043d\u0430\u044f \u043a\u043d\u043e\u043f\u043a\u0430, \u0438\u0441\u043f\u043e\u043b\u044c\u0437\u0443\u0435\u0442\u0441\u044f \u0432 \u0444\u043e\u0440\u043c\u0430\u0445 &lt;form&gt;<\/div><div class=\"term\"><strong>checkbox<\/strong>  - &lt;input type=\"checkbox\"&gt; -\r\n\u0444\u043b\u0430\u0436\u043e\u043a \u0438\u043b\u0438\r\n\u043f\u043e\u043b\u0435 \u0441 \u043e\u0442\u043c\u0435\u0442\u043a\u043e\u0439 \u0438\u043b\u0438\r\n\u0433\u0430\u043b\u043e\u0447\u043a\u0430 \/ \u043f\u0442\u0438\u0447\u043a\u0430<\/div><div class=\"term\"><strong>class<\/strong> (<a href=\"?terms-tag=43\">CSS<\/a>, <a href=\"?terms-tag=42\">HTML<\/a>) - <ul>\r\n \t<li>HTML atribuut(omadus), mis\u00a0 m\u00e4\u00e4rab elementide r\u00fchm. P\u00e4rast saab kasutada CSS ja m\u00e4\u00e4rata konkreetse classiga omadused<\/li>\r\n<\/ul>\r\nN\u00e4ide:\r\n\r\n<strong>&lt;div class=\"teine\"&gt;<\/strong> Klassinimi saab kasutada mitu korda\r\n\r\nCSS -\r\n<strong>div.teine{}<\/strong>\r\n<strong>.teine{}<\/strong>\r\n\r\n&nbsp;\r\n\r\n&nbsp;<\/div><div class=\"term\"><strong>CSS<\/strong>  - <strong>Cascading Style Sheets\u00a0<\/strong>\r\n\u041a\u0430\u0441\u043a\u0430\u0434\u043d\u044b\u0435 \u0442\u0430\u0431\u043b\u0438\u0446\u044b \u0441\u0442\u0438\u043b\u0435\u0439<\/div><div class=\"term\"><strong>CSS<\/strong> (<a href=\"?terms-tag=43\">CSS<\/a>) - Cascading Style Sheets - \u043a\u0430\u0441\u043a\u0430\u0434\u043d\u044b\u0435 \u0442\u0430\u0431\u043b\u0438\u0446\u044b \u0441\u0442\u0438\u043b\u0435\u0439<\/div><div class=\"term\"><strong>document.getElementById()<\/strong> (<a href=\"?terms-tag=44\">Javascript<\/a>) - <strong>JS meetod<\/strong>, mis v\u00f5tab ja tagastab elementi tema Id j\u00e4rgi\r\n\r\nN\u00e4ide: document.getElementById(\"nimi\") - tagastatakse element id=\"nimi\", id m\u00e4\u00e4ratakse HTML'is<\/div><\/div><div class=\"td-pagination\"><span aria-current=\"page\" class=\"page-numbers current\">1<\/span>\n<a class=\"page-numbers\" href=\"?page_terms=2\">2<\/a>\n<a class=\"page-numbers\" href=\"?page_terms=3\">3<\/a>\n<a class=\"page-numbers\" href=\"?page_terms=4\">4<\/a><\/div><\/div>\n","protected":false},"excerpt":{"rendered":"","protected":false},"author":1,"featured_media":0,"parent":0,"menu_order":0,"comment_status":"closed","ping_status":"closed","template":"","meta":{"footnotes":""},"class_list":["post-249","page","type-page","status-publish","hentry"],"yoast_head":"<!-- This site is optimized with the Yoast SEO plugin v25.8 - https:\/\/yoast.com\/wordpress\/plugins\/seo\/ -->\n<title>Inglise-eesti\/vene terminid\/ dictionary - Irina Merkulova &otilde;pimapp | portfoolio<\/title>\n<meta name=\"robots\" content=\"index, follow, max-snippet:-1, max-image-preview:large, max-video-preview:-1\" \/>\n<link rel=\"canonical\" href=\"https:\/\/merkulova.thkit.ee\/wp20\/inglise-vene-terms-dictionary\/\" \/>\n<meta property=\"og:locale\" content=\"et_EE\" \/>\n<meta property=\"og:type\" content=\"article\" \/>\n<meta property=\"og:title\" content=\"Inglise-eesti\/vene terminid\/ dictionary - Irina Merkulova &otilde;pimapp | portfoolio\" \/>\n<meta property=\"og:url\" content=\"https:\/\/merkulova.thkit.ee\/wp20\/inglise-vene-terms-dictionary\/\" \/>\n<meta property=\"og:site_name\" content=\"Irina Merkulova &otilde;pimapp | portfoolio\" \/>\n<meta property=\"article:modified_time\" content=\"2024-11-06T06:42:47+00:00\" \/>\n<meta name=\"twitter:card\" content=\"summary_large_image\" \/>\n<script type=\"application\/ld+json\" class=\"yoast-schema-graph\">{\"@context\":\"https:\/\/schema.org\",\"@graph\":[{\"@type\":\"WebPage\",\"@id\":\"https:\/\/merkulova.thkit.ee\/wp20\/inglise-vene-terms-dictionary\/\",\"url\":\"https:\/\/merkulova.thkit.ee\/wp20\/inglise-vene-terms-dictionary\/\",\"name\":\"Inglise-eesti\/vene terminid\/ dictionary - Irina Merkulova &otilde;pimapp | portfoolio\",\"isPartOf\":{\"@id\":\"https:\/\/merkulova.thkit.ee\/wp20\/#website\"},\"datePublished\":\"2021-09-14T06:04:51+00:00\",\"dateModified\":\"2024-11-06T06:42:47+00:00\",\"breadcrumb\":{\"@id\":\"https:\/\/merkulova.thkit.ee\/wp20\/inglise-vene-terms-dictionary\/#breadcrumb\"},\"inLanguage\":\"et\",\"potentialAction\":[{\"@type\":\"ReadAction\",\"target\":[\"https:\/\/merkulova.thkit.ee\/wp20\/inglise-vene-terms-dictionary\/\"]}]},{\"@type\":\"BreadcrumbList\",\"@id\":\"https:\/\/merkulova.thkit.ee\/wp20\/inglise-vene-terms-dictionary\/#breadcrumb\",\"itemListElement\":[{\"@type\":\"ListItem\",\"position\":1,\"name\":\"\u0413\u043b\u0430\u0432\u043d\u0430\u044f \u0441\u0442\u0440\u0430\u043d\u0438\u0446\u0430\",\"item\":\"https:\/\/merkulova.thkit.ee\/wp20\/\"},{\"@type\":\"ListItem\",\"position\":2,\"name\":\"Inglise- vene terms\/ dictionary\"}]},{\"@type\":\"WebSite\",\"@id\":\"https:\/\/merkulova.thkit.ee\/wp20\/#website\",\"url\":\"https:\/\/merkulova.thkit.ee\/wp20\/\",\"name\":\"Veebirakenduse portfoolio\",\"description\":\"Noorem Tarkvaraarendaja eriala\",\"publisher\":{\"@id\":\"https:\/\/merkulova.thkit.ee\/wp20\/#\/schema\/person\/3e81f4867c46822cdeca159fa89142ae\"},\"potentialAction\":[{\"@type\":\"SearchAction\",\"target\":{\"@type\":\"EntryPoint\",\"urlTemplate\":\"https:\/\/merkulova.thkit.ee\/wp20\/?s={search_term_string}\"},\"query-input\":{\"@type\":\"PropertyValueSpecification\",\"valueRequired\":true,\"valueName\":\"search_term_string\"}}],\"inLanguage\":\"et\"},{\"@type\":[\"Person\",\"Organization\"],\"@id\":\"https:\/\/merkulova.thkit.ee\/wp20\/#\/schema\/person\/3e81f4867c46822cdeca159fa89142ae\",\"name\":\"admin\",\"image\":{\"@type\":\"ImageObject\",\"inLanguage\":\"et\",\"@id\":\"https:\/\/merkulova.thkit.ee\/wp20\/#\/schema\/person\/image\/\",\"url\":\"https:\/\/secure.gravatar.com\/avatar\/4c53fa504772b2274d9d09d84825a2c569865fca538b5b70247d8f1668b9eb51?s=96&d=mm&r=g\",\"contentUrl\":\"https:\/\/secure.gravatar.com\/avatar\/4c53fa504772b2274d9d09d84825a2c569865fca538b5b70247d8f1668b9eb51?s=96&d=mm&r=g\",\"caption\":\"admin\"},\"logo\":{\"@id\":\"https:\/\/merkulova.thkit.ee\/wp20\/#\/schema\/person\/image\/\"},\"sameAs\":[\"https:\/\/merkulova.thkit.ee\/wp20\"]}]}<\/script>\n<!-- \/ Yoast SEO plugin. -->","yoast_head_json":{"title":"Inglise-eesti\/vene terminid\/ dictionary - Irina Merkulova &otilde;pimapp | portfoolio","robots":{"index":"index","follow":"follow","max-snippet":"max-snippet:-1","max-image-preview":"max-image-preview:large","max-video-preview":"max-video-preview:-1"},"canonical":"https:\/\/merkulova.thkit.ee\/wp20\/inglise-vene-terms-dictionary\/","og_locale":"et_EE","og_type":"article","og_title":"Inglise-eesti\/vene terminid\/ dictionary - Irina Merkulova &otilde;pimapp | portfoolio","og_url":"https:\/\/merkulova.thkit.ee\/wp20\/inglise-vene-terms-dictionary\/","og_site_name":"Irina Merkulova &otilde;pimapp | portfoolio","article_modified_time":"2024-11-06T06:42:47+00:00","twitter_card":"summary_large_image","schema":{"@context":"https:\/\/schema.org","@graph":[{"@type":"WebPage","@id":"https:\/\/merkulova.thkit.ee\/wp20\/inglise-vene-terms-dictionary\/","url":"https:\/\/merkulova.thkit.ee\/wp20\/inglise-vene-terms-dictionary\/","name":"Inglise-eesti\/vene terminid\/ dictionary - Irina Merkulova &otilde;pimapp | portfoolio","isPartOf":{"@id":"https:\/\/merkulova.thkit.ee\/wp20\/#website"},"datePublished":"2021-09-14T06:04:51+00:00","dateModified":"2024-11-06T06:42:47+00:00","breadcrumb":{"@id":"https:\/\/merkulova.thkit.ee\/wp20\/inglise-vene-terms-dictionary\/#breadcrumb"},"inLanguage":"et","potentialAction":[{"@type":"ReadAction","target":["https:\/\/merkulova.thkit.ee\/wp20\/inglise-vene-terms-dictionary\/"]}]},{"@type":"BreadcrumbList","@id":"https:\/\/merkulova.thkit.ee\/wp20\/inglise-vene-terms-dictionary\/#breadcrumb","itemListElement":[{"@type":"ListItem","position":1,"name":"\u0413\u043b\u0430\u0432\u043d\u0430\u044f \u0441\u0442\u0440\u0430\u043d\u0438\u0446\u0430","item":"https:\/\/merkulova.thkit.ee\/wp20\/"},{"@type":"ListItem","position":2,"name":"Inglise- vene terms\/ dictionary"}]},{"@type":"WebSite","@id":"https:\/\/merkulova.thkit.ee\/wp20\/#website","url":"https:\/\/merkulova.thkit.ee\/wp20\/","name":"Veebirakenduse portfoolio","description":"Noorem Tarkvaraarendaja eriala","publisher":{"@id":"https:\/\/merkulova.thkit.ee\/wp20\/#\/schema\/person\/3e81f4867c46822cdeca159fa89142ae"},"potentialAction":[{"@type":"SearchAction","target":{"@type":"EntryPoint","urlTemplate":"https:\/\/merkulova.thkit.ee\/wp20\/?s={search_term_string}"},"query-input":{"@type":"PropertyValueSpecification","valueRequired":true,"valueName":"search_term_string"}}],"inLanguage":"et"},{"@type":["Person","Organization"],"@id":"https:\/\/merkulova.thkit.ee\/wp20\/#\/schema\/person\/3e81f4867c46822cdeca159fa89142ae","name":"admin","image":{"@type":"ImageObject","inLanguage":"et","@id":"https:\/\/merkulova.thkit.ee\/wp20\/#\/schema\/person\/image\/","url":"https:\/\/secure.gravatar.com\/avatar\/4c53fa504772b2274d9d09d84825a2c569865fca538b5b70247d8f1668b9eb51?s=96&d=mm&r=g","contentUrl":"https:\/\/secure.gravatar.com\/avatar\/4c53fa504772b2274d9d09d84825a2c569865fca538b5b70247d8f1668b9eb51?s=96&d=mm&r=g","caption":"admin"},"logo":{"@id":"https:\/\/merkulova.thkit.ee\/wp20\/#\/schema\/person\/image\/"},"sameAs":["https:\/\/merkulova.thkit.ee\/wp20"]}]}},"_links":{"self":[{"href":"https:\/\/merkulova.thkit.ee\/wp20\/wp-json\/wp\/v2\/pages\/249","targetHints":{"allow":["GET"]}}],"collection":[{"href":"https:\/\/merkulova.thkit.ee\/wp20\/wp-json\/wp\/v2\/pages"}],"about":[{"href":"https:\/\/merkulova.thkit.ee\/wp20\/wp-json\/wp\/v2\/types\/page"}],"author":[{"embeddable":true,"href":"https:\/\/merkulova.thkit.ee\/wp20\/wp-json\/wp\/v2\/users\/1"}],"replies":[{"embeddable":true,"href":"https:\/\/merkulova.thkit.ee\/wp20\/wp-json\/wp\/v2\/comments?post=249"}],"version-history":[{"count":3,"href":"https:\/\/merkulova.thkit.ee\/wp20\/wp-json\/wp\/v2\/pages\/249\/revisions"}],"predecessor-version":[{"id":506,"href":"https:\/\/merkulova.thkit.ee\/wp20\/wp-json\/wp\/v2\/pages\/249\/revisions\/506"}],"wp:attachment":[{"href":"https:\/\/merkulova.thkit.ee\/wp20\/wp-json\/wp\/v2\/media?parent=249"}],"curies":[{"name":"wp","href":"https:\/\/api.w.org\/{rel}","templated":true}]}}