{"id":280,"date":"2021-10-19T08:56:21","date_gmt":"2021-10-19T06:56:21","guid":{"rendered":"https:\/\/merkulova.thkit.ee\/wp20\/?page_id=280"},"modified":"2025-03-13T09:13:54","modified_gmt":"2025-03-13T07:13:54","slug":"wordpress-portfoolio-ulesanded","status":"publish","type":"page","link":"https:\/\/merkulova.thkit.ee\/wp20\/wordpress-portfoolio-ulesanded\/","title":{"rendered":"WordPress- portfoolio \u00fclesanded"},"content":{"rendered":"\n<p><strong>WordPress- portfoolio.<\/strong><br>\u00dclesanne 1. WordPressi installimine ja seadistamine. Vaata video ja tee l\u00e4bi &#8211; http:\/\/merkulova.thkit.ee\/video\/WordpressInstall.mp4<\/p>\n\n\n\n<p><strong>\u00dclesanne 2. WordPressi lehed ja men\u00fc\u00fc &#8211; Video: <\/strong>http:\/\/merkulova.thkit.ee\/video\/WordpressLehedMenyy.mp4<\/p>\n\n\n\n<p><strong>\u00dclesanne 3. Multisite plugin seadistamine.<\/strong><\/p>\n\n\n\n<p>Vaata videot ja seadista oma wordpress-portfoolios.<br>https:\/\/merkulova.thkit.ee\/video\/Multisite_osa1.mp4<br>https:\/\/merkulova.thkit.ee\/video\/Multisite_osa2.mp4<\/p>\n\n\n\n<p><strong>\u00dclesanne 4.<\/strong><br>Kontaktvormi loomine: paigalda plugin Contact Form 7 \u2013 loo kontaktivorm vabalt valitud teemaga, kus on lisatud tekstkast, raadionupuga k\u00fcsimus ja valikuruuduga (checkbox) k\u00fcsimus.<\/p>\n\n\n\n<p><strong>\u00dclesanne 5.<\/strong><br>CSS kujunduse muutmine: muuda pealkirja kirjastiili ja suurust, navigeerimismen\u00fc\u00fcs hiirega liikumise tausta v\u00e4rvi\/ v\u00f5ib kasutada SiteOrigin CSS pluginat.<\/p>\n\n\n\n<p><strong>\u00dclesanne 6.<\/strong><br>Lisa oma plugin ja seadista see. Veebirakenduste linki alla tee uus leht, kuhu lisa kirjeldus piltidega &#8211; kuidas seadista sinu poolt valitud plugin&#8217;i.<\/p>\n\n\n\n<p><strong>\u00dclesanne 7.<\/strong><br>Moodulid (\u0432\u0438\u0434\u0436\u0435\u0442\u044b). Seadista minimaalselt 2 moodulit oma sisuga(nt Kontaktinfo v\u00f5i Navigeerimislingid.<\/p>\n\n\n\n<p><strong>\u00dclesanne 8. <\/strong><br>SEO plugin&#8217;i seadistamine. https:\/\/merkulova.thkit.ee\/wp20\/seo-seadistamine\/<br><br>Kui wordpress&#8217;i leht on l\u00f5puni valmis, saada \u00f5petajale otselinki<\/p>\n","protected":false},"excerpt":{"rendered":"<p>WordPress- portfoolio.\u00dclesanne 1. WordPressi installimine ja seadistamine. Vaata video ja tee l\u00e4bi &#8211; http:\/\/merkulova.thkit.ee\/video\/WordpressInstall.mp4 \u00dclesanne 2. WordPressi lehed ja men\u00fc\u00fc &#8211; Video: http:\/\/merkulova.thkit.ee\/video\/WordpressLehedMenyy.mp4 \u00dclesanne 3. Multisite plugin seadistamine. Vaata videot ja seadista oma wordpress-portfoolios.https:\/\/merkulova.thkit.ee\/video\/Multisite_osa1.mp4https:\/\/merkulova.thkit.ee\/video\/Multisite_osa2.mp4 \u00dclesanne 4.Kontaktvormi loomine: paigalda plugin Contact Form 7 \u2013 loo kontaktivorm vabalt valitud teemaga, kus on lisatud tekstkast, raadionupuga k\u00fcsimus ja [&hellip;]<\/p>\n","protected":false},"author":1,"featured_media":0,"parent":0,"menu_order":0,"comment_status":"closed","ping_status":"closed","template":"","meta":{"footnotes":""},"class_list":["post-280","page","type-page","status-publish","hentry"],"yoast_head":"<!-- This site is optimized with the Yoast SEO plugin v25.8 - https:\/\/yoast.com\/wordpress\/plugins\/seo\/ -->\n<title>Wordpress- portfoolio \u00fclesanded - Irina Merkulova &otilde;pimapp | portfoolio<\/title>\n<meta name=\"description\" content=\"Irina Merkulova &otilde;pimapp | portfoolio - Wordpress- portfoolio \u00fclesanded\" \/>\n<meta name=\"robots\" content=\"index, follow, max-snippet:-1, max-image-preview:large, max-video-preview:-1\" \/>\n<link rel=\"canonical\" href=\"https:\/\/merkulova.thkit.ee\/wp20\/wordpress-portfoolio-ulesanded\/\" \/>\n<meta property=\"og:locale\" content=\"et_EE\" \/>\n<meta property=\"og:type\" content=\"article\" \/>\n<meta property=\"og:title\" content=\"Wordpress- portfoolio \u00fclesanded - Irina Merkulova &otilde;pimapp | portfoolio\" \/>\n<meta property=\"og:description\" content=\"Irina Merkulova &otilde;pimapp | portfoolio - Wordpress- portfoolio \u00fclesanded\" \/>\n<meta property=\"og:url\" content=\"https:\/\/merkulova.thkit.ee\/wp20\/wordpress-portfoolio-ulesanded\/\" \/>\n<meta property=\"og:site_name\" content=\"Irina Merkulova &otilde;pimapp | portfoolio\" \/>\n<meta property=\"article:modified_time\" content=\"2025-03-13T07:13:54+00:00\" \/>\n<meta name=\"twitter:card\" content=\"summary_large_image\" \/>\n<meta name=\"twitter:label1\" content=\"Est. reading time\" \/>\n\t<meta name=\"twitter:data1\" content=\"1 minut\" \/>\n<script type=\"application\/ld+json\" class=\"yoast-schema-graph\">{\"@context\":\"https:\/\/schema.org\",\"@graph\":[{\"@type\":\"WebPage\",\"@id\":\"https:\/\/merkulova.thkit.ee\/wp20\/wordpress-portfoolio-ulesanded\/\",\"url\":\"https:\/\/merkulova.thkit.ee\/wp20\/wordpress-portfoolio-ulesanded\/\",\"name\":\"Wordpress- portfoolio \u00fclesanded - Irina Merkulova &otilde;pimapp | portfoolio\",\"isPartOf\":{\"@id\":\"https:\/\/merkulova.thkit.ee\/wp20\/#website\"},\"datePublished\":\"2021-10-19T06:56:21+00:00\",\"dateModified\":\"2025-03-13T07:13:54+00:00\",\"description\":\"Irina Merkulova &otilde;pimapp | portfoolio - Wordpress- portfoolio \u00fclesanded\",\"breadcrumb\":{\"@id\":\"https:\/\/merkulova.thkit.ee\/wp20\/wordpress-portfoolio-ulesanded\/#breadcrumb\"},\"inLanguage\":\"et\",\"potentialAction\":[{\"@type\":\"ReadAction\",\"target\":[\"https:\/\/merkulova.thkit.ee\/wp20\/wordpress-portfoolio-ulesanded\/\"]}]},{\"@type\":\"BreadcrumbList\",\"@id\":\"https:\/\/merkulova.thkit.ee\/wp20\/wordpress-portfoolio-ulesanded\/#breadcrumb\",\"itemListElement\":[{\"@type\":\"ListItem\",\"position\":1,\"name\":\"\u0413\u043b\u0430\u0432\u043d\u0430\u044f \u0441\u0442\u0440\u0430\u043d\u0438\u0446\u0430\",\"item\":\"https:\/\/merkulova.thkit.ee\/wp20\/\"},{\"@type\":\"ListItem\",\"position\":2,\"name\":\"WordPress- portfoolio \u00fclesanded\"}]},{\"@type\":\"WebSite\",\"@id\":\"https:\/\/merkulova.thkit.ee\/wp20\/#website\",\"url\":\"https:\/\/merkulova.thkit.ee\/wp20\/\",\"name\":\"Veebirakenduse portfoolio\",\"description\":\"Noorem Tarkvaraarendaja eriala\",\"publisher\":{\"@id\":\"https:\/\/merkulova.thkit.ee\/wp20\/#\/schema\/person\/3e81f4867c46822cdeca159fa89142ae\"},\"potentialAction\":[{\"@type\":\"SearchAction\",\"target\":{\"@type\":\"EntryPoint\",\"urlTemplate\":\"https:\/\/merkulova.thkit.ee\/wp20\/?s={search_term_string}\"},\"query-input\":{\"@type\":\"PropertyValueSpecification\",\"valueRequired\":true,\"valueName\":\"search_term_string\"}}],\"inLanguage\":\"et\"},{\"@type\":[\"Person\",\"Organization\"],\"@id\":\"https:\/\/merkulova.thkit.ee\/wp20\/#\/schema\/person\/3e81f4867c46822cdeca159fa89142ae\",\"name\":\"admin\",\"image\":{\"@type\":\"ImageObject\",\"inLanguage\":\"et\",\"@id\":\"https:\/\/merkulova.thkit.ee\/wp20\/#\/schema\/person\/image\/\",\"url\":\"https:\/\/secure.gravatar.com\/avatar\/4c53fa504772b2274d9d09d84825a2c569865fca538b5b70247d8f1668b9eb51?s=96&d=mm&r=g\",\"contentUrl\":\"https:\/\/secure.gravatar.com\/avatar\/4c53fa504772b2274d9d09d84825a2c569865fca538b5b70247d8f1668b9eb51?s=96&d=mm&r=g\",\"caption\":\"admin\"},\"logo\":{\"@id\":\"https:\/\/merkulova.thkit.ee\/wp20\/#\/schema\/person\/image\/\"},\"sameAs\":[\"https:\/\/merkulova.thkit.ee\/wp20\"]}]}<\/script>\n<!-- \/ Yoast SEO plugin. -->","yoast_head_json":{"title":"Wordpress- portfoolio \u00fclesanded - Irina Merkulova &otilde;pimapp | portfoolio","description":"Irina Merkulova &otilde;pimapp | portfoolio - Wordpress- portfoolio \u00fclesanded","robots":{"index":"index","follow":"follow","max-snippet":"max-snippet:-1","max-image-preview":"max-image-preview:large","max-video-preview":"max-video-preview:-1"},"canonical":"https:\/\/merkulova.thkit.ee\/wp20\/wordpress-portfoolio-ulesanded\/","og_locale":"et_EE","og_type":"article","og_title":"Wordpress- portfoolio \u00fclesanded - Irina Merkulova &otilde;pimapp | portfoolio","og_description":"Irina Merkulova &otilde;pimapp | portfoolio - Wordpress- portfoolio \u00fclesanded","og_url":"https:\/\/merkulova.thkit.ee\/wp20\/wordpress-portfoolio-ulesanded\/","og_site_name":"Irina Merkulova &otilde;pimapp | portfoolio","article_modified_time":"2025-03-13T07:13:54+00:00","twitter_card":"summary_large_image","twitter_misc":{"Est. reading time":"1 minut"},"schema":{"@context":"https:\/\/schema.org","@graph":[{"@type":"WebPage","@id":"https:\/\/merkulova.thkit.ee\/wp20\/wordpress-portfoolio-ulesanded\/","url":"https:\/\/merkulova.thkit.ee\/wp20\/wordpress-portfoolio-ulesanded\/","name":"Wordpress- portfoolio \u00fclesanded - Irina Merkulova &otilde;pimapp | portfoolio","isPartOf":{"@id":"https:\/\/merkulova.thkit.ee\/wp20\/#website"},"datePublished":"2021-10-19T06:56:21+00:00","dateModified":"2025-03-13T07:13:54+00:00","description":"Irina Merkulova &otilde;pimapp | portfoolio - Wordpress- portfoolio \u00fclesanded","breadcrumb":{"@id":"https:\/\/merkulova.thkit.ee\/wp20\/wordpress-portfoolio-ulesanded\/#breadcrumb"},"inLanguage":"et","potentialAction":[{"@type":"ReadAction","target":["https:\/\/merkulova.thkit.ee\/wp20\/wordpress-portfoolio-ulesanded\/"]}]},{"@type":"BreadcrumbList","@id":"https:\/\/merkulova.thkit.ee\/wp20\/wordpress-portfoolio-ulesanded\/#breadcrumb","itemListElement":[{"@type":"ListItem","position":1,"name":"\u0413\u043b\u0430\u0432\u043d\u0430\u044f \u0441\u0442\u0440\u0430\u043d\u0438\u0446\u0430","item":"https:\/\/merkulova.thkit.ee\/wp20\/"},{"@type":"ListItem","position":2,"name":"WordPress- portfoolio \u00fclesanded"}]},{"@type":"WebSite","@id":"https:\/\/merkulova.thkit.ee\/wp20\/#website","url":"https:\/\/merkulova.thkit.ee\/wp20\/","name":"Veebirakenduse portfoolio","description":"Noorem Tarkvaraarendaja eriala","publisher":{"@id":"https:\/\/merkulova.thkit.ee\/wp20\/#\/schema\/person\/3e81f4867c46822cdeca159fa89142ae"},"potentialAction":[{"@type":"SearchAction","target":{"@type":"EntryPoint","urlTemplate":"https:\/\/merkulova.thkit.ee\/wp20\/?s={search_term_string}"},"query-input":{"@type":"PropertyValueSpecification","valueRequired":true,"valueName":"search_term_string"}}],"inLanguage":"et"},{"@type":["Person","Organization"],"@id":"https:\/\/merkulova.thkit.ee\/wp20\/#\/schema\/person\/3e81f4867c46822cdeca159fa89142ae","name":"admin","image":{"@type":"ImageObject","inLanguage":"et","@id":"https:\/\/merkulova.thkit.ee\/wp20\/#\/schema\/person\/image\/","url":"https:\/\/secure.gravatar.com\/avatar\/4c53fa504772b2274d9d09d84825a2c569865fca538b5b70247d8f1668b9eb51?s=96&d=mm&r=g","contentUrl":"https:\/\/secure.gravatar.com\/avatar\/4c53fa504772b2274d9d09d84825a2c569865fca538b5b70247d8f1668b9eb51?s=96&d=mm&r=g","caption":"admin"},"logo":{"@id":"https:\/\/merkulova.thkit.ee\/wp20\/#\/schema\/person\/image\/"},"sameAs":["https:\/\/merkulova.thkit.ee\/wp20"]}]}},"_links":{"self":[{"href":"https:\/\/merkulova.thkit.ee\/wp20\/wp-json\/wp\/v2\/pages\/280","targetHints":{"allow":["GET"]}}],"collection":[{"href":"https:\/\/merkulova.thkit.ee\/wp20\/wp-json\/wp\/v2\/pages"}],"about":[{"href":"https:\/\/merkulova.thkit.ee\/wp20\/wp-json\/wp\/v2\/types\/page"}],"author":[{"embeddable":true,"href":"https:\/\/merkulova.thkit.ee\/wp20\/wp-json\/wp\/v2\/users\/1"}],"replies":[{"embeddable":true,"href":"https:\/\/merkulova.thkit.ee\/wp20\/wp-json\/wp\/v2\/comments?post=280"}],"version-history":[{"count":10,"href":"https:\/\/merkulova.thkit.ee\/wp20\/wp-json\/wp\/v2\/pages\/280\/revisions"}],"predecessor-version":[{"id":592,"href":"https:\/\/merkulova.thkit.ee\/wp20\/wp-json\/wp\/v2\/pages\/280\/revisions\/592"}],"wp:attachment":[{"href":"https:\/\/merkulova.thkit.ee\/wp20\/wp-json\/wp\/v2\/media?parent=280"}],"curies":[{"name":"wp","href":"https:\/\/api.w.org\/{rel}","templated":true}]}}