{"id":289,"date":"2021-10-20T11:56:37","date_gmt":"2021-10-20T09:56:37","guid":{"rendered":"https:\/\/merkulova.thkit.ee\/wp20\/?page_id=289"},"modified":"2021-10-21T12:52:19","modified_gmt":"2021-10-21T10:52:19","slug":"andmebaaside-pohimoisted","status":"publish","type":"page","link":"https:\/\/merkulova.thkit.ee\/wp20\/andmebaaside-pohimoisted\/","title":{"rendered":"Andmebaaside p\u00f5him\u00f5isted"},"content":{"rendered":"\n<p><\/p>\n\n\n\n<pre class=\"wp-block-verse\"><strong>\u041a\u043e\u043d\u0446\u0435\u043f\u0442\u0443\u0430\u043b\u044c\u043d\u044b\u0439 \u0443\u0440\u043e\u0432\u0435\u043d\u044c \u0434\u0430\u043d\u043d\u044b\u0445 <\/strong>\u0441\u0432\u044f\u0437\u0430\u043d \u0441\u043e \u0441\u0442\u0440\u0443\u043a\u0442\u0443\u0440\u043e\u0439 \u0431\u0430\u0437\u044b \u0434\u0430\u043d\u043d\u044b\u0445. <\/pre>\n\n\n\n<p><strong>DROP DATABASE name<\/strong> &#8211; \u0443\u0434\u0430\u043b\u044f\u0435\u0442 \u0411\u0414<\/p>\n\n\n\n<p>daily backup &#8211; igap\u00e4evane andmete reserv-kopeerimine &#8211; v\u00f5rgu v\u00e4ljaspool \/ \u0432\u043d\u0435 \u0441\u0435\u0442\u0438<\/p>\n\n\n\n<p><strong>GRANT <\/strong>&#8211; m\u00e4\u00e4rab \u00f5igused kasutajale \/ <br>s\u00fcntaks:  <strong>GRANT<\/strong> privileeg(id) ON tabelinimi TO kasutajanimi<br><strong>REVOKE<\/strong> &#8211; t\u00fchistab kasutaja \u00f5igused<br>s\u00fcntaks:  <strong>REVOKE<\/strong>  privileeg(id) ON tabelinimi TO kasutajanimi <br><strong>ROLLBACK<\/strong> &#8211; taastab eelmine seisund <\/p>\n\n\n\n<p><\/p>\n\n\n\n<p><strong>Kasutaja \u00f5igused ja privileegid<\/strong>:<br>db_datareader &#8211; SELECT &#8211; kasutaja saab lugeda andmeid tabelist<br><strong>db_datawriter<\/strong> &#8211; DELETE, INSERT, UPDATE &#8211; andmete lisamine, uuendamine ja kustatamine tabelist<\/p>\n\n\n\n<p><strong>\u0414\u043e\u0431\u044b\u0447\u0430 \u0434\u0430\u043d\u043d\u044b\u0445 (data mining)<\/strong> &#8211; \u0422\u0435\u0445\u043d\u043e\u043b\u043e\u0433\u0438\u044f \u0434\u043b\u044f \u043f\u043e\u0438\u0441\u043a\u0430 \u0441\u043a\u0440\u044b\u0442\u044b\u0445 \u0448\u0430\u0431\u043b\u043e\u043d\u043e\u0432 (hidden patterns) \u0438 \u0441\u0432\u044f\u0437\u0435\u0439 \u0432 \u0431\u0430\u0437\u0435 \u0434\u0430\u043d\u043d\u044b\u0445.<br><strong>\u0425\u0440\u0430\u043d\u0438\u043b\u0438\u0449\u0435 \u0434\u0430\u043d\u043d\u044b\u0445 (data warehouse)<\/strong> &#8211; \u0418\u043d\u0444\u043e\u0440\u043c\u0430\u0446\u0438\u043e\u043d\u043d\u0430\u044f \u0411\u0414, \u0441 \u043f\u043e\u043c\u043e\u0449\u044c\u044e \u043a\u043e\u0442\u043e\u0440\u043e\u0439 \u043c\u043e\u0436\u043d\u043e \u0431\u044b\u0441\u0442\u0440\u043e \u043f\u043e\u043b\u0443\u0447\u0438\u0442\u044c \u0441\u0432\u043e\u0434\u043d\u044b\u0435 \u0434\u0430\u043d\u043d\u044b\u0435 \u0438 \u043f\u043e\u0434\u0433\u043e\u0442\u043e\u0432\u0438\u0442\u044c \u043e\u0442\u0447\u0435\u0442\u044b. \u0414\u0430\u043d\u043d\u044b\u0435 \u0432 \u0442\u0430\u043a\u0438\u0445 \u0411\u0414 \u0434\u043e\u0441\u0442\u0443\u043f\u043d\u044b \u0442\u043e\u043b\u044c\u043a\u043e \u0434\u043b\u044f \u0447\u0442\u0435\u043d\u0438\u044f!<\/p>\n\n\n\n<p><strong>Andmebaas \u00fchendatakse veebiliidesega &#8211; mida arvestame:<\/strong><br>1. \u041f\u0435\u0440\u0432\u043e\u043d\u0430\u0447\u0430\u043b\u044c\u043d\u044b\u0439 \u0432\u0438\u0434 \u0441\u0442\u0440\u0430\u043d\u0438\u0446\u044b \u043d\u0435 \u0434\u043e\u043b\u0436\u0435\u043d \u0441\u0438\u043b\u044c\u043d\u043e \u0438\u0437\u043c\u0435\u043d\u044f\u0442\u044c\u0441\u044f, \u0438\u043d\u0430\u0447\u0435 \u044d\u0442\u043e \u043f\u0440\u0438\u0432\u043e\u0434\u0438\u0442 \u043a \u0437\u0430\u043c\u0435\u0448\u0430\u0442\u0435\u043b\u044c\u0441\u0442\u0432\u0443 \u043f\u043e\u043b\u044c\u0437\u043e\u0432\u0430\u0442\u0435\u043b\u044f<br>2. \u041f\u0440\u043e\u0446\u0435\u0434\u0443\u0440\u044b \u0441\u043e\u0435\u0434\u0438\u043d\u0435\u043d\u0438\u044f \u0441 \u0411\u0414  (HTTP) \u043d\u0435\u043e\u0431\u0445\u043e\u0434\u0438\u043c\u043e \u043f\u043e\u0434\u0434\u0435\u0440\u0436\u0438\u0432\u0430\u0442\u044c, \u0442\u043a \u043a\u043b\u0438\u0435\u043d\u0442-\u0441\u0435\u0440\u0432\u0435\u0440 \u0441\u043e\u0435\u0434\u0438\u043d\u0435\u043d\u0438\u0435 \u043d\u0435 \u043f\u043e\u0441\u0442\u043e\u044f\u043d\u043d\u043e <br>3. \u041d\u0435\u043b\u044c\u0437\u044f \u0443\u0432\u0435\u043b\u0438\u0447\u0438\u0442\u044c \u043a\u043e\u043b\u0438\u0447\u0435\u0441\u0442\u0432\u043e \u043f\u043e\u043b\u044c\u0437\u043e\u0432\u0430\u0442\u0435\u043b\u0435\u0439 &#8211; \u0435\u0441\u043b\u0438 \u043d\u0435 \u043f\u0435\u0440\u0435\u0441\u0442\u0440\u043e\u0438\u0442\u044c \u0441\u0435\u0440\u0432\u0435\u0440 \u0431\u043e\u043b\u0435\u0435 \u043c\u043e\u0449\u043d\u044b\u043c<\/p>\n\n\n\n<p><strong>1NF &#8211; 1 Normaal kuju<\/strong> &#8211;<br> \u2022  \u0418\u0441\u043a\u043b\u044e\u0447\u0435\u043d\u0438\u0435 \u0434\u0443\u0431\u043b\u0438\u0440\u043e\u0432\u0430\u043d\u043d\u044b\u0445 \u043f\u043e\u043b\u0435\u0439 (\u0438\u043b\u0438 \u0441\u0442\u043e\u043b\u0431\u0446\u043e\u0432) \u0432 \u0442\u0430\u0431\u043b\u0438\u0446\u0430\u0445.<br>\u2022 \u0421\u043e\u0437\u0434\u0430\u043d\u0438\u0435 \u043e\u0431\u043e\u0441\u043e\u0431\u043b\u0435\u043d\u043d\u044b\u0445 (\u0440\u0430\u0437\u0434\u0435\u043b\u0451\u043d\u043d\u044b\u0445) \u0442\u0430\u0431\u043b\u0438\u0446 \u0434\u043b\u044f \u043a\u0430\u0436\u0434\u043e\u0439 \u0433\u0440\u0443\u043f\u043f\u044b \u0432\u0437\u0430\u0438\u043c\u043e\u0441\u0432\u044f\u0437\u0430\u043d\u043d\u044b\u0445 \u0434\u0430\u043d\u043d\u044b\u0445.<br>\u2022 \u0418\u0434\u0435\u043d\u0442\u0438\u0444\u0438\u043a\u0430\u0446\u0438\u044f \u043a\u0430\u0436\u0434\u043e\u0439 \u0437\u0430\u043f\u0438\u0441\u0438 \u0443\u043d\u0438\u043a\u0430\u043b\u044c\u043d\u044b\u043c \u043f\u043e\u043b\u0435\u043c (\u0441\u0442\u043e\u043b\u0431\u0446\u043e\u043c) \u0438\u043b\u0438 \u043d\u0430\u0431\u043e\u0440\u043e\u043c \u043f\u043e\u043b\u0435\u0439. (\u0441\u043e\u0437\u0434\u0430\u043d\u0438\u0435 \u043f\u0435\u0440\u0432\u0438\u0447\u043d\u043e\u0433\u043e \u043a\u043b\u044e\u0447\u0430 &#8211; primary key).<\/p>\n\n\n\n<p><strong>2NF &#8211; Teine normaalkuju<\/strong>&#8211; <br>\u0423\u0434\u0430\u043b\u0435\u043d\u0438\u0435 \u0442\u0435\u0445 \u043e\u0434\u0438\u043d\u0430\u043a\u043e\u0432\u044b\u0445 \u0434\u0430\u043d\u043d\u044b\u0445, \u043a\u043e\u0442\u043e\u0440\u044b\u0435 \u0432\u0441\u0442\u0440\u0435\u0447\u0430\u044e\u0442\u0441\u044f \u0432 \u043d\u0435\u0441\u043a\u043e\u043b\u044c\u043a\u0438\u0445 \u0441\u0442\u0440\u043e\u043a\u0430\u0445 \u0442\u0430\u0431\u043b\u0438\u0446\u044b \u0438 \u043f\u043e\u0441\u043b\u0435\u0434\u0443\u044e\u0449\u0435\u0435 \u0440\u0430\u0437\u043c\u0435\u0449\u0435\u043d\u0438\u0435 \u0438\u0445 \u0432 \u043e\u0442\u0434\u0435\u043b\u044c\u043d\u044b\u0445 \u0441\u0442\u0440\u043e\u043a\u0430\u0445.<br>\u2022 \u0421\u043e\u0437\u0434\u0430\u043d\u0438\u0435 \u0432\u0437\u0430\u0438\u043c\u043e\u0441\u0432\u044f\u0437\u0435\u0439 \u043c\u0435\u0436\u0434\u0443 \u044d\u0442\u0438\u043c\u0438 \u043d\u043e\u0432\u044b\u043c\u0438 \u0442\u0430\u0431\u043b\u0438\u0446\u0430\u043c\u0438 \u0438 \u0438\u0445 \u043e\u0442\u0441\u043b\u0435\u0436\u0438\u0432\u0430\u043d\u0438\u0435<br>\u0447\u0435\u0440\u0435\u0437 \u0438\u0441\u043f\u043e\u043b\u044c\u0437\u043e\u0432\u0430\u043d\u0438\u0435 \u0432\u0442\u043e\u0440\u0438\u0447\u043d\u043e\u0433\u043e \u043a\u043b\u044e\u0447\u0430 (foreign keys).<\/p>\n\n\n\n<p><br><\/p>\n","protected":false},"excerpt":{"rendered":"<p>\u041a\u043e\u043d\u0446\u0435\u043f\u0442\u0443\u0430\u043b\u044c\u043d\u044b\u0439 \u0443\u0440\u043e\u0432\u0435\u043d\u044c \u0434\u0430\u043d\u043d\u044b\u0445 \u0441\u0432\u044f\u0437\u0430\u043d \u0441\u043e \u0441\u0442\u0440\u0443\u043a\u0442\u0443\u0440\u043e\u0439 \u0431\u0430\u0437\u044b \u0434\u0430\u043d\u043d\u044b\u0445. DROP DATABASE name &#8211; \u0443\u0434\u0430\u043b\u044f\u0435\u0442 \u0411\u0414 daily backup &#8211; igap\u00e4evane andmete reserv-kopeerimine &#8211; v\u00f5rgu v\u00e4ljaspool \/ \u0432\u043d\u0435 \u0441\u0435\u0442\u0438 GRANT &#8211; m\u00e4\u00e4rab \u00f5igused kasutajale \/ s\u00fcntaks: GRANT privileeg(id) ON tabelinimi TO kasutajanimiREVOKE &#8211; t\u00fchistab kasutaja \u00f5iguseds\u00fcntaks: REVOKE privileeg(id) ON tabelinimi TO kasutajanimi ROLLBACK &#8211; taastab eelmine seisund Kasutaja [&hellip;]<\/p>\n","protected":false},"author":1,"featured_media":0,"parent":0,"menu_order":0,"comment_status":"closed","ping_status":"closed","template":"","meta":{"footnotes":""},"class_list":["post-289","page","type-page","status-publish","hentry"],"yoast_head":"<!-- This site is optimized with the Yoast SEO plugin v25.8 - https:\/\/yoast.com\/wordpress\/plugins\/seo\/ -->\n<title>Andmebaaside p\u00f5him\u00f5isted - Irina Merkulova &otilde;pimapp | portfoolio<\/title>\n<meta name=\"robots\" content=\"index, follow, max-snippet:-1, max-image-preview:large, max-video-preview:-1\" \/>\n<link rel=\"canonical\" href=\"https:\/\/merkulova.thkit.ee\/wp20\/andmebaaside-pohimoisted\/\" \/>\n<meta property=\"og:locale\" content=\"et_EE\" \/>\n<meta property=\"og:type\" content=\"article\" \/>\n<meta property=\"og:title\" content=\"Andmebaaside p\u00f5him\u00f5isted - Irina Merkulova &otilde;pimapp | portfoolio\" \/>\n<meta property=\"og:description\" content=\"\u041a\u043e\u043d\u0446\u0435\u043f\u0442\u0443\u0430\u043b\u044c\u043d\u044b\u0439 \u0443\u0440\u043e\u0432\u0435\u043d\u044c \u0434\u0430\u043d\u043d\u044b\u0445 \u0441\u0432\u044f\u0437\u0430\u043d \u0441\u043e \u0441\u0442\u0440\u0443\u043a\u0442\u0443\u0440\u043e\u0439 \u0431\u0430\u0437\u044b \u0434\u0430\u043d\u043d\u044b\u0445. DROP DATABASE name &#8211; \u0443\u0434\u0430\u043b\u044f\u0435\u0442 \u0411\u0414 daily backup &#8211; igap\u00e4evane andmete reserv-kopeerimine &#8211; v\u00f5rgu v\u00e4ljaspool \/ \u0432\u043d\u0435 \u0441\u0435\u0442\u0438 GRANT &#8211; m\u00e4\u00e4rab \u00f5igused kasutajale \/ s\u00fcntaks: GRANT privileeg(id) ON tabelinimi TO kasutajanimiREVOKE &#8211; t\u00fchistab kasutaja \u00f5iguseds\u00fcntaks: REVOKE privileeg(id) ON tabelinimi TO kasutajanimi ROLLBACK &#8211; taastab eelmine seisund Kasutaja [&hellip;]\" \/>\n<meta property=\"og:url\" content=\"https:\/\/merkulova.thkit.ee\/wp20\/andmebaaside-pohimoisted\/\" \/>\n<meta property=\"og:site_name\" content=\"Irina Merkulova &otilde;pimapp | portfoolio\" \/>\n<meta property=\"article:modified_time\" content=\"2021-10-21T10:52:19+00:00\" \/>\n<meta name=\"twitter:card\" content=\"summary_large_image\" \/>\n<meta name=\"twitter:label1\" content=\"Est. reading time\" \/>\n\t<meta name=\"twitter:data1\" content=\"1 minut\" \/>\n<script type=\"application\/ld+json\" class=\"yoast-schema-graph\">{\"@context\":\"https:\/\/schema.org\",\"@graph\":[{\"@type\":\"WebPage\",\"@id\":\"https:\/\/merkulova.thkit.ee\/wp20\/andmebaaside-pohimoisted\/\",\"url\":\"https:\/\/merkulova.thkit.ee\/wp20\/andmebaaside-pohimoisted\/\",\"name\":\"Andmebaaside p\u00f5him\u00f5isted - Irina Merkulova &otilde;pimapp | portfoolio\",\"isPartOf\":{\"@id\":\"https:\/\/merkulova.thkit.ee\/wp20\/#website\"},\"datePublished\":\"2021-10-20T09:56:37+00:00\",\"dateModified\":\"2021-10-21T10:52:19+00:00\",\"breadcrumb\":{\"@id\":\"https:\/\/merkulova.thkit.ee\/wp20\/andmebaaside-pohimoisted\/#breadcrumb\"},\"inLanguage\":\"et\",\"potentialAction\":[{\"@type\":\"ReadAction\",\"target\":[\"https:\/\/merkulova.thkit.ee\/wp20\/andmebaaside-pohimoisted\/\"]}]},{\"@type\":\"BreadcrumbList\",\"@id\":\"https:\/\/merkulova.thkit.ee\/wp20\/andmebaaside-pohimoisted\/#breadcrumb\",\"itemListElement\":[{\"@type\":\"ListItem\",\"position\":1,\"name\":\"\u0413\u043b\u0430\u0432\u043d\u0430\u044f \u0441\u0442\u0440\u0430\u043d\u0438\u0446\u0430\",\"item\":\"https:\/\/merkulova.thkit.ee\/wp20\/\"},{\"@type\":\"ListItem\",\"position\":2,\"name\":\"Andmebaaside p\u00f5him\u00f5isted\"}]},{\"@type\":\"WebSite\",\"@id\":\"https:\/\/merkulova.thkit.ee\/wp20\/#website\",\"url\":\"https:\/\/merkulova.thkit.ee\/wp20\/\",\"name\":\"Veebirakenduse portfoolio\",\"description\":\"Noorem Tarkvaraarendaja eriala\",\"publisher\":{\"@id\":\"https:\/\/merkulova.thkit.ee\/wp20\/#\/schema\/person\/3e81f4867c46822cdeca159fa89142ae\"},\"potentialAction\":[{\"@type\":\"SearchAction\",\"target\":{\"@type\":\"EntryPoint\",\"urlTemplate\":\"https:\/\/merkulova.thkit.ee\/wp20\/?s={search_term_string}\"},\"query-input\":{\"@type\":\"PropertyValueSpecification\",\"valueRequired\":true,\"valueName\":\"search_term_string\"}}],\"inLanguage\":\"et\"},{\"@type\":[\"Person\",\"Organization\"],\"@id\":\"https:\/\/merkulova.thkit.ee\/wp20\/#\/schema\/person\/3e81f4867c46822cdeca159fa89142ae\",\"name\":\"admin\",\"image\":{\"@type\":\"ImageObject\",\"inLanguage\":\"et\",\"@id\":\"https:\/\/merkulova.thkit.ee\/wp20\/#\/schema\/person\/image\/\",\"url\":\"https:\/\/secure.gravatar.com\/avatar\/4c53fa504772b2274d9d09d84825a2c569865fca538b5b70247d8f1668b9eb51?s=96&d=mm&r=g\",\"contentUrl\":\"https:\/\/secure.gravatar.com\/avatar\/4c53fa504772b2274d9d09d84825a2c569865fca538b5b70247d8f1668b9eb51?s=96&d=mm&r=g\",\"caption\":\"admin\"},\"logo\":{\"@id\":\"https:\/\/merkulova.thkit.ee\/wp20\/#\/schema\/person\/image\/\"},\"sameAs\":[\"https:\/\/merkulova.thkit.ee\/wp20\"]}]}<\/script>\n<!-- \/ Yoast SEO plugin. -->","yoast_head_json":{"title":"Andmebaaside p\u00f5him\u00f5isted - Irina Merkulova &otilde;pimapp | portfoolio","robots":{"index":"index","follow":"follow","max-snippet":"max-snippet:-1","max-image-preview":"max-image-preview:large","max-video-preview":"max-video-preview:-1"},"canonical":"https:\/\/merkulova.thkit.ee\/wp20\/andmebaaside-pohimoisted\/","og_locale":"et_EE","og_type":"article","og_title":"Andmebaaside p\u00f5him\u00f5isted - Irina Merkulova &otilde;pimapp | portfoolio","og_description":"\u041a\u043e\u043d\u0446\u0435\u043f\u0442\u0443\u0430\u043b\u044c\u043d\u044b\u0439 \u0443\u0440\u043e\u0432\u0435\u043d\u044c \u0434\u0430\u043d\u043d\u044b\u0445 \u0441\u0432\u044f\u0437\u0430\u043d \u0441\u043e \u0441\u0442\u0440\u0443\u043a\u0442\u0443\u0440\u043e\u0439 \u0431\u0430\u0437\u044b \u0434\u0430\u043d\u043d\u044b\u0445. DROP DATABASE name &#8211; \u0443\u0434\u0430\u043b\u044f\u0435\u0442 \u0411\u0414 daily backup &#8211; igap\u00e4evane andmete reserv-kopeerimine &#8211; v\u00f5rgu v\u00e4ljaspool \/ \u0432\u043d\u0435 \u0441\u0435\u0442\u0438 GRANT &#8211; m\u00e4\u00e4rab \u00f5igused kasutajale \/ s\u00fcntaks: GRANT privileeg(id) ON tabelinimi TO kasutajanimiREVOKE &#8211; t\u00fchistab kasutaja \u00f5iguseds\u00fcntaks: REVOKE privileeg(id) ON tabelinimi TO kasutajanimi ROLLBACK &#8211; taastab eelmine seisund Kasutaja [&hellip;]","og_url":"https:\/\/merkulova.thkit.ee\/wp20\/andmebaaside-pohimoisted\/","og_site_name":"Irina Merkulova &otilde;pimapp | portfoolio","article_modified_time":"2021-10-21T10:52:19+00:00","twitter_card":"summary_large_image","twitter_misc":{"Est. reading time":"1 minut"},"schema":{"@context":"https:\/\/schema.org","@graph":[{"@type":"WebPage","@id":"https:\/\/merkulova.thkit.ee\/wp20\/andmebaaside-pohimoisted\/","url":"https:\/\/merkulova.thkit.ee\/wp20\/andmebaaside-pohimoisted\/","name":"Andmebaaside p\u00f5him\u00f5isted - Irina Merkulova &otilde;pimapp | portfoolio","isPartOf":{"@id":"https:\/\/merkulova.thkit.ee\/wp20\/#website"},"datePublished":"2021-10-20T09:56:37+00:00","dateModified":"2021-10-21T10:52:19+00:00","breadcrumb":{"@id":"https:\/\/merkulova.thkit.ee\/wp20\/andmebaaside-pohimoisted\/#breadcrumb"},"inLanguage":"et","potentialAction":[{"@type":"ReadAction","target":["https:\/\/merkulova.thkit.ee\/wp20\/andmebaaside-pohimoisted\/"]}]},{"@type":"BreadcrumbList","@id":"https:\/\/merkulova.thkit.ee\/wp20\/andmebaaside-pohimoisted\/#breadcrumb","itemListElement":[{"@type":"ListItem","position":1,"name":"\u0413\u043b\u0430\u0432\u043d\u0430\u044f \u0441\u0442\u0440\u0430\u043d\u0438\u0446\u0430","item":"https:\/\/merkulova.thkit.ee\/wp20\/"},{"@type":"ListItem","position":2,"name":"Andmebaaside p\u00f5him\u00f5isted"}]},{"@type":"WebSite","@id":"https:\/\/merkulova.thkit.ee\/wp20\/#website","url":"https:\/\/merkulova.thkit.ee\/wp20\/","name":"Veebirakenduse portfoolio","description":"Noorem Tarkvaraarendaja eriala","publisher":{"@id":"https:\/\/merkulova.thkit.ee\/wp20\/#\/schema\/person\/3e81f4867c46822cdeca159fa89142ae"},"potentialAction":[{"@type":"SearchAction","target":{"@type":"EntryPoint","urlTemplate":"https:\/\/merkulova.thkit.ee\/wp20\/?s={search_term_string}"},"query-input":{"@type":"PropertyValueSpecification","valueRequired":true,"valueName":"search_term_string"}}],"inLanguage":"et"},{"@type":["Person","Organization"],"@id":"https:\/\/merkulova.thkit.ee\/wp20\/#\/schema\/person\/3e81f4867c46822cdeca159fa89142ae","name":"admin","image":{"@type":"ImageObject","inLanguage":"et","@id":"https:\/\/merkulova.thkit.ee\/wp20\/#\/schema\/person\/image\/","url":"https:\/\/secure.gravatar.com\/avatar\/4c53fa504772b2274d9d09d84825a2c569865fca538b5b70247d8f1668b9eb51?s=96&d=mm&r=g","contentUrl":"https:\/\/secure.gravatar.com\/avatar\/4c53fa504772b2274d9d09d84825a2c569865fca538b5b70247d8f1668b9eb51?s=96&d=mm&r=g","caption":"admin"},"logo":{"@id":"https:\/\/merkulova.thkit.ee\/wp20\/#\/schema\/person\/image\/"},"sameAs":["https:\/\/merkulova.thkit.ee\/wp20"]}]}},"_links":{"self":[{"href":"https:\/\/merkulova.thkit.ee\/wp20\/wp-json\/wp\/v2\/pages\/289","targetHints":{"allow":["GET"]}}],"collection":[{"href":"https:\/\/merkulova.thkit.ee\/wp20\/wp-json\/wp\/v2\/pages"}],"about":[{"href":"https:\/\/merkulova.thkit.ee\/wp20\/wp-json\/wp\/v2\/types\/page"}],"author":[{"embeddable":true,"href":"https:\/\/merkulova.thkit.ee\/wp20\/wp-json\/wp\/v2\/users\/1"}],"replies":[{"embeddable":true,"href":"https:\/\/merkulova.thkit.ee\/wp20\/wp-json\/wp\/v2\/comments?post=289"}],"version-history":[{"count":4,"href":"https:\/\/merkulova.thkit.ee\/wp20\/wp-json\/wp\/v2\/pages\/289\/revisions"}],"predecessor-version":[{"id":302,"href":"https:\/\/merkulova.thkit.ee\/wp20\/wp-json\/wp\/v2\/pages\/289\/revisions\/302"}],"wp:attachment":[{"href":"https:\/\/merkulova.thkit.ee\/wp20\/wp-json\/wp\/v2\/media?parent=289"}],"curies":[{"name":"wp","href":"https:\/\/api.w.org\/{rel}","templated":true}]}}