{"id":377,"date":"2023-02-09T08:44:29","date_gmt":"2023-02-09T06:44:29","guid":{"rendered":"https:\/\/merkulova.thkit.ee\/wp20\/?page_id=377"},"modified":"2023-02-09T10:28:56","modified_gmt":"2023-02-09T08:28:56","slug":"select-laused","status":"publish","type":"page","link":"https:\/\/merkulova.thkit.ee\/wp20\/select-laused\/","title":{"rendered":"SELECT laused"},"content":{"rendered":"\n<p>\u0437\u0430\u043f\u0440\u043e\u0441 \u043d\u0430 \u0432\u044b\u0431\u043e\u0440\u043a\u0443 \u0437\u043d\u0430\u0447\u0435\u043d\u0438\u0439 \u0438\u0437 \u0442\u0430\u0431\u043b\u0438\u0446\u044b<\/p>\n\n\n\n<p><strong>SELECT * FROM tabelinimi<\/strong><\/p>\n\n\n\n<p><strong>SELECT * FROM tabelinimi<br>WHERE \u0443\u0441\u043b\u043e\u0432\u0438\u0435<\/strong><\/p>\n\n\n<div class=\"wp-block-syntaxhighlighter-code \"><pre class=\"brush: sql; title: ; notranslate\" title=\"\">\nCREATE TABLE laps(\n    lapsID int not null PRImary key AUTO_INCREMENT,\n    lapsNimi varchar(20) not null, \n    vanus int,\n    synnilinn varchar(25),\n    pikkus int,\n    aadress Text)\n<\/pre><\/div>\n\n\n<ol class=\"wp-block-list\">\n<li>N\u00e4ita tabelist kaks veergu &#8211; nimi ja pikkus<\/li>\n<\/ol>\n\n\n\n<p>SELECT lapsNimi, pikkus<br>FROM laps<\/p>\n\n\n\n<figure class=\"wp-block-image size-full is-resized\"><img loading=\"lazy\" decoding=\"async\" src=\"https:\/\/merkulova.thkit.ee\/wp20\/wp-content\/uploads\/2023\/02\/image.png\" alt=\"\" class=\"wp-image-383\" width=\"135\" height=\"216\" srcset=\"https:\/\/merkulova.thkit.ee\/wp20\/wp-content\/uploads\/2023\/02\/image.png 280w, https:\/\/merkulova.thkit.ee\/wp20\/wp-content\/uploads\/2023\/02\/image-187x300.png 187w, https:\/\/merkulova.thkit.ee\/wp20\/wp-content\/uploads\/2023\/02\/image-94x150.png 94w\" sizes=\"auto, (max-width: 135px) 100vw, 135px\" \/><\/figure>\n\n\n\n<p>2<strong>. lisame sorteerimine pikkuse j\u00e4rgi (max->min)<\/strong><\/p>\n\n\n\n<p>SELECT lapsNimi, pikkus<br>FROM laps<br>ORDER by pikkus DESC;<\/p>\n\n\n\n<p><strong>3. n\u00e4ita lapsinimed, kes on vanem kui 10 aastat<\/strong><\/p>\n\n\n\n<p>SELECT lapsNimi, vanus<br>FROM laps<br>WHERE vanus >=10<\/p>\n\n\n\n<p><strong>4. n\u00e4ita lapsinimed, kellel nimi algab A t\u00e4hega<\/strong><\/p>\n\n\n\n<p>SELECT lapsNimi<br>FROM laps<br>WHERE lapsNimi LIKE &#8216;A%&#8217;<\/p>\n\n\n\n<p><strong>5. n\u00e4ita lapsinimed, kellel nimi algab A  ja M t\u00e4hega<\/strong><\/p>\n\n\n\n<p>SELECT lapsNimi<br>FROM laps<br>WHERE lapsNimi LIKE &#8216;A%&#8217; OR lapsNimi LIKE &#8216;M%&#8217;;<\/p>\n\n\n\n<p><strong>6. Tingimuste kombineerimine (AND, OR)<br>N\u00e4ita k\u00f5ik lapsinimed, kes on s\u00fcndinud Tartus ja vanusega &lt; v\u00e4hem kui 10.<\/strong><\/p>\n\n\n\n<p>SELECT lapsNimi, synnilinn, vanus<br>FROM laps<br>WHERE synnilinn like &#8216;tartu&#8217; AND vanus &lt;10;<\/p>\n\n\n\n<p><strong>7. Uuenda tabeli andmed, k\u00f5ik lapsed vanusega 10 aastat peavad  elama aadress= S\u00f5pruse pst <\/strong><\/p>\n\n\n\n<p>UPDATE laps SET aadress=&#8217;S\u00f5pruse pst 182&#8242;<br>WHERE vanus=10;<\/p>\n\n\n\n<p><strong>8. Uuenda tabeli laps, nii et n\u00fc\u00fcd iga laps on 10% pikem.<\/strong><\/p>\n\n\n\n<p> <\/p>\n\n\n\n<p>UPDATE laps SET pikkus=pikkus*1.1;<br>select * from laps<\/p>\n\n\n\n<p><strong>9. BETWEEN : Otsi lapsinimed, kes on pikem kui 110 ja v\u00e4hem kui 150<\/strong><\/p>\n\n\n\n<p>SELECT lapsNimi, pikkus<br>FROM laps<br>WHERE pikkus BETWEEN 110 and 150;<\/p>\n\n\n\n<p>SELECT lapsNimi, pikkus<br>FROM laps<br>WHERE pikkus &gt; 110 and pikkus &lt; 150;<\/p>\n\n\n\n<p><strong>10. TOP3: kolm k\u00f5ige paremad=pikemad lapsed<\/strong><\/p>\n\n\n\n<p>SELECT lapsNimi, pikkus<br>FROM laps<br>ORDER by pikkus DESC<br>LIMIT 3<\/p>\n\n\n\n<p><strong>Iseseisvalt: lisa uus tabel loom(loomId, loomNimi, kaal, lapsID)<\/strong><\/p>\n\n\n\n<p>CREATE TABLE loom(<br><\/p>\n\n\n\n<p><\/p>\n\n\n\n<p>kus LapsID &#8212; foreign key laps(lapsID)<\/p>\n\n\n\n<p><strong>Tabel loom t\u00e4ida andmetega<\/strong><\/p>\n\n\n\n<p>CREATE TABLE loom(<br>loomID int primary key AUTO_INCREMENT,<br>loomNimi varchar(25),<br>kaal int,<br>lapsID int);<\/p>\n\n\n\n<p>ALTER TABLE loom ADD CONSTRAINT laps_fk<br>FOREIGN key (lapsID) references laps(lapsID);<\/p>\n\n\n\n<p>INSERT INTO loom(loomNimi, kaal, lapsID)<br>VALUES (&#8216;kass Kilja&#8217;, 6, 2);<br>Select * from loom<\/p>\n\n\n\n<p><\/p>\n","protected":false},"excerpt":{"rendered":"<p>\u0437\u0430\u043f\u0440\u043e\u0441 \u043d\u0430 \u0432\u044b\u0431\u043e\u0440\u043a\u0443 \u0437\u043d\u0430\u0447\u0435\u043d\u0438\u0439 \u0438\u0437 \u0442\u0430\u0431\u043b\u0438\u0446\u044b SELECT * FROM tabelinimi SELECT * FROM tabelinimiWHERE \u0443\u0441\u043b\u043e\u0432\u0438\u0435 SELECT lapsNimi, pikkusFROM laps 2. lisame sorteerimine pikkuse j\u00e4rgi (max->min) SELECT lapsNimi, pikkusFROM lapsORDER by pikkus DESC; 3. n\u00e4ita lapsinimed, kes on vanem kui 10 aastat SELECT lapsNimi, vanusFROM lapsWHERE vanus >=10 4. n\u00e4ita lapsinimed, kellel nimi algab A t\u00e4hega [&hellip;]<\/p>\n","protected":false},"author":1,"featured_media":0,"parent":0,"menu_order":0,"comment_status":"closed","ping_status":"closed","template":"","meta":{"footnotes":""},"class_list":["post-377","page","type-page","status-publish","hentry"],"yoast_head":"<!-- This site is optimized with the Yoast SEO plugin v25.8 - https:\/\/yoast.com\/wordpress\/plugins\/seo\/ -->\n<title>SELECT laused - Irina Merkulova &otilde;pimapp | portfoolio<\/title>\n<meta name=\"robots\" content=\"index, follow, max-snippet:-1, max-image-preview:large, max-video-preview:-1\" \/>\n<link rel=\"canonical\" href=\"https:\/\/merkulova.thkit.ee\/wp20\/select-laused\/\" \/>\n<meta property=\"og:locale\" content=\"et_EE\" \/>\n<meta property=\"og:type\" content=\"article\" \/>\n<meta property=\"og:title\" content=\"SELECT laused - Irina Merkulova &otilde;pimapp | portfoolio\" \/>\n<meta property=\"og:description\" content=\"\u0437\u0430\u043f\u0440\u043e\u0441 \u043d\u0430 \u0432\u044b\u0431\u043e\u0440\u043a\u0443 \u0437\u043d\u0430\u0447\u0435\u043d\u0438\u0439 \u0438\u0437 \u0442\u0430\u0431\u043b\u0438\u0446\u044b SELECT * FROM tabelinimi SELECT * FROM tabelinimiWHERE \u0443\u0441\u043b\u043e\u0432\u0438\u0435 SELECT lapsNimi, pikkusFROM laps 2. lisame sorteerimine pikkuse j\u00e4rgi (max-&gt;min) SELECT lapsNimi, pikkusFROM lapsORDER by pikkus DESC; 3. n\u00e4ita lapsinimed, kes on vanem kui 10 aastat SELECT lapsNimi, vanusFROM lapsWHERE vanus &gt;=10 4. n\u00e4ita lapsinimed, kellel nimi algab A t\u00e4hega [&hellip;]\" \/>\n<meta property=\"og:url\" content=\"https:\/\/merkulova.thkit.ee\/wp20\/select-laused\/\" \/>\n<meta property=\"og:site_name\" content=\"Irina Merkulova &otilde;pimapp | portfoolio\" \/>\n<meta property=\"article:modified_time\" content=\"2023-02-09T08:28:56+00:00\" \/>\n<meta property=\"og:image\" content=\"https:\/\/merkulova.thkit.ee\/wp20\/wp-content\/uploads\/2023\/02\/image.png\" \/>\n<meta name=\"twitter:card\" content=\"summary_large_image\" \/>\n<meta name=\"twitter:label1\" content=\"Est. reading time\" \/>\n\t<meta name=\"twitter:data1\" content=\"1 minut\" \/>\n<script type=\"application\/ld+json\" class=\"yoast-schema-graph\">{\"@context\":\"https:\/\/schema.org\",\"@graph\":[{\"@type\":\"WebPage\",\"@id\":\"https:\/\/merkulova.thkit.ee\/wp20\/select-laused\/\",\"url\":\"https:\/\/merkulova.thkit.ee\/wp20\/select-laused\/\",\"name\":\"SELECT laused - Irina Merkulova &otilde;pimapp | portfoolio\",\"isPartOf\":{\"@id\":\"https:\/\/merkulova.thkit.ee\/wp20\/#website\"},\"primaryImageOfPage\":{\"@id\":\"https:\/\/merkulova.thkit.ee\/wp20\/select-laused\/#primaryimage\"},\"image\":{\"@id\":\"https:\/\/merkulova.thkit.ee\/wp20\/select-laused\/#primaryimage\"},\"thumbnailUrl\":\"https:\/\/merkulova.thkit.ee\/wp20\/wp-content\/uploads\/2023\/02\/image.png\",\"datePublished\":\"2023-02-09T06:44:29+00:00\",\"dateModified\":\"2023-02-09T08:28:56+00:00\",\"breadcrumb\":{\"@id\":\"https:\/\/merkulova.thkit.ee\/wp20\/select-laused\/#breadcrumb\"},\"inLanguage\":\"et\",\"potentialAction\":[{\"@type\":\"ReadAction\",\"target\":[\"https:\/\/merkulova.thkit.ee\/wp20\/select-laused\/\"]}]},{\"@type\":\"ImageObject\",\"inLanguage\":\"et\",\"@id\":\"https:\/\/merkulova.thkit.ee\/wp20\/select-laused\/#primaryimage\",\"url\":\"https:\/\/merkulova.thkit.ee\/wp20\/wp-content\/uploads\/2023\/02\/image.png\",\"contentUrl\":\"https:\/\/merkulova.thkit.ee\/wp20\/wp-content\/uploads\/2023\/02\/image.png\",\"width\":280,\"height\":449},{\"@type\":\"BreadcrumbList\",\"@id\":\"https:\/\/merkulova.thkit.ee\/wp20\/select-laused\/#breadcrumb\",\"itemListElement\":[{\"@type\":\"ListItem\",\"position\":1,\"name\":\"\u0413\u043b\u0430\u0432\u043d\u0430\u044f \u0441\u0442\u0440\u0430\u043d\u0438\u0446\u0430\",\"item\":\"https:\/\/merkulova.thkit.ee\/wp20\/\"},{\"@type\":\"ListItem\",\"position\":2,\"name\":\"SELECT laused\"}]},{\"@type\":\"WebSite\",\"@id\":\"https:\/\/merkulova.thkit.ee\/wp20\/#website\",\"url\":\"https:\/\/merkulova.thkit.ee\/wp20\/\",\"name\":\"Veebirakenduse portfoolio\",\"description\":\"Noorem Tarkvaraarendaja eriala\",\"publisher\":{\"@id\":\"https:\/\/merkulova.thkit.ee\/wp20\/#\/schema\/person\/3e81f4867c46822cdeca159fa89142ae\"},\"potentialAction\":[{\"@type\":\"SearchAction\",\"target\":{\"@type\":\"EntryPoint\",\"urlTemplate\":\"https:\/\/merkulova.thkit.ee\/wp20\/?s={search_term_string}\"},\"query-input\":{\"@type\":\"PropertyValueSpecification\",\"valueRequired\":true,\"valueName\":\"search_term_string\"}}],\"inLanguage\":\"et\"},{\"@type\":[\"Person\",\"Organization\"],\"@id\":\"https:\/\/merkulova.thkit.ee\/wp20\/#\/schema\/person\/3e81f4867c46822cdeca159fa89142ae\",\"name\":\"admin\",\"image\":{\"@type\":\"ImageObject\",\"inLanguage\":\"et\",\"@id\":\"https:\/\/merkulova.thkit.ee\/wp20\/#\/schema\/person\/image\/\",\"url\":\"https:\/\/secure.gravatar.com\/avatar\/4c53fa504772b2274d9d09d84825a2c569865fca538b5b70247d8f1668b9eb51?s=96&d=mm&r=g\",\"contentUrl\":\"https:\/\/secure.gravatar.com\/avatar\/4c53fa504772b2274d9d09d84825a2c569865fca538b5b70247d8f1668b9eb51?s=96&d=mm&r=g\",\"caption\":\"admin\"},\"logo\":{\"@id\":\"https:\/\/merkulova.thkit.ee\/wp20\/#\/schema\/person\/image\/\"},\"sameAs\":[\"https:\/\/merkulova.thkit.ee\/wp20\"]}]}<\/script>\n<!-- \/ Yoast SEO plugin. -->","yoast_head_json":{"title":"SELECT laused - Irina Merkulova &otilde;pimapp | portfoolio","robots":{"index":"index","follow":"follow","max-snippet":"max-snippet:-1","max-image-preview":"max-image-preview:large","max-video-preview":"max-video-preview:-1"},"canonical":"https:\/\/merkulova.thkit.ee\/wp20\/select-laused\/","og_locale":"et_EE","og_type":"article","og_title":"SELECT laused - Irina Merkulova &otilde;pimapp | portfoolio","og_description":"\u0437\u0430\u043f\u0440\u043e\u0441 \u043d\u0430 \u0432\u044b\u0431\u043e\u0440\u043a\u0443 \u0437\u043d\u0430\u0447\u0435\u043d\u0438\u0439 \u0438\u0437 \u0442\u0430\u0431\u043b\u0438\u0446\u044b SELECT * FROM tabelinimi SELECT * FROM tabelinimiWHERE \u0443\u0441\u043b\u043e\u0432\u0438\u0435 SELECT lapsNimi, pikkusFROM laps 2. lisame sorteerimine pikkuse j\u00e4rgi (max->min) SELECT lapsNimi, pikkusFROM lapsORDER by pikkus DESC; 3. n\u00e4ita lapsinimed, kes on vanem kui 10 aastat SELECT lapsNimi, vanusFROM lapsWHERE vanus >=10 4. n\u00e4ita lapsinimed, kellel nimi algab A t\u00e4hega [&hellip;]","og_url":"https:\/\/merkulova.thkit.ee\/wp20\/select-laused\/","og_site_name":"Irina Merkulova &otilde;pimapp | portfoolio","article_modified_time":"2023-02-09T08:28:56+00:00","og_image":[{"url":"https:\/\/merkulova.thkit.ee\/wp20\/wp-content\/uploads\/2023\/02\/image.png","type":"","width":"","height":""}],"twitter_card":"summary_large_image","twitter_misc":{"Est. reading time":"1 minut"},"schema":{"@context":"https:\/\/schema.org","@graph":[{"@type":"WebPage","@id":"https:\/\/merkulova.thkit.ee\/wp20\/select-laused\/","url":"https:\/\/merkulova.thkit.ee\/wp20\/select-laused\/","name":"SELECT laused - Irina Merkulova &otilde;pimapp | portfoolio","isPartOf":{"@id":"https:\/\/merkulova.thkit.ee\/wp20\/#website"},"primaryImageOfPage":{"@id":"https:\/\/merkulova.thkit.ee\/wp20\/select-laused\/#primaryimage"},"image":{"@id":"https:\/\/merkulova.thkit.ee\/wp20\/select-laused\/#primaryimage"},"thumbnailUrl":"https:\/\/merkulova.thkit.ee\/wp20\/wp-content\/uploads\/2023\/02\/image.png","datePublished":"2023-02-09T06:44:29+00:00","dateModified":"2023-02-09T08:28:56+00:00","breadcrumb":{"@id":"https:\/\/merkulova.thkit.ee\/wp20\/select-laused\/#breadcrumb"},"inLanguage":"et","potentialAction":[{"@type":"ReadAction","target":["https:\/\/merkulova.thkit.ee\/wp20\/select-laused\/"]}]},{"@type":"ImageObject","inLanguage":"et","@id":"https:\/\/merkulova.thkit.ee\/wp20\/select-laused\/#primaryimage","url":"https:\/\/merkulova.thkit.ee\/wp20\/wp-content\/uploads\/2023\/02\/image.png","contentUrl":"https:\/\/merkulova.thkit.ee\/wp20\/wp-content\/uploads\/2023\/02\/image.png","width":280,"height":449},{"@type":"BreadcrumbList","@id":"https:\/\/merkulova.thkit.ee\/wp20\/select-laused\/#breadcrumb","itemListElement":[{"@type":"ListItem","position":1,"name":"\u0413\u043b\u0430\u0432\u043d\u0430\u044f \u0441\u0442\u0440\u0430\u043d\u0438\u0446\u0430","item":"https:\/\/merkulova.thkit.ee\/wp20\/"},{"@type":"ListItem","position":2,"name":"SELECT laused"}]},{"@type":"WebSite","@id":"https:\/\/merkulova.thkit.ee\/wp20\/#website","url":"https:\/\/merkulova.thkit.ee\/wp20\/","name":"Veebirakenduse portfoolio","description":"Noorem Tarkvaraarendaja eriala","publisher":{"@id":"https:\/\/merkulova.thkit.ee\/wp20\/#\/schema\/person\/3e81f4867c46822cdeca159fa89142ae"},"potentialAction":[{"@type":"SearchAction","target":{"@type":"EntryPoint","urlTemplate":"https:\/\/merkulova.thkit.ee\/wp20\/?s={search_term_string}"},"query-input":{"@type":"PropertyValueSpecification","valueRequired":true,"valueName":"search_term_string"}}],"inLanguage":"et"},{"@type":["Person","Organization"],"@id":"https:\/\/merkulova.thkit.ee\/wp20\/#\/schema\/person\/3e81f4867c46822cdeca159fa89142ae","name":"admin","image":{"@type":"ImageObject","inLanguage":"et","@id":"https:\/\/merkulova.thkit.ee\/wp20\/#\/schema\/person\/image\/","url":"https:\/\/secure.gravatar.com\/avatar\/4c53fa504772b2274d9d09d84825a2c569865fca538b5b70247d8f1668b9eb51?s=96&d=mm&r=g","contentUrl":"https:\/\/secure.gravatar.com\/avatar\/4c53fa504772b2274d9d09d84825a2c569865fca538b5b70247d8f1668b9eb51?s=96&d=mm&r=g","caption":"admin"},"logo":{"@id":"https:\/\/merkulova.thkit.ee\/wp20\/#\/schema\/person\/image\/"},"sameAs":["https:\/\/merkulova.thkit.ee\/wp20"]}]}},"_links":{"self":[{"href":"https:\/\/merkulova.thkit.ee\/wp20\/wp-json\/wp\/v2\/pages\/377","targetHints":{"allow":["GET"]}}],"collection":[{"href":"https:\/\/merkulova.thkit.ee\/wp20\/wp-json\/wp\/v2\/pages"}],"about":[{"href":"https:\/\/merkulova.thkit.ee\/wp20\/wp-json\/wp\/v2\/types\/page"}],"author":[{"embeddable":true,"href":"https:\/\/merkulova.thkit.ee\/wp20\/wp-json\/wp\/v2\/users\/1"}],"replies":[{"embeddable":true,"href":"https:\/\/merkulova.thkit.ee\/wp20\/wp-json\/wp\/v2\/comments?post=377"}],"version-history":[{"count":5,"href":"https:\/\/merkulova.thkit.ee\/wp20\/wp-json\/wp\/v2\/pages\/377\/revisions"}],"predecessor-version":[{"id":388,"href":"https:\/\/merkulova.thkit.ee\/wp20\/wp-json\/wp\/v2\/pages\/377\/revisions\/388"}],"wp:attachment":[{"href":"https:\/\/merkulova.thkit.ee\/wp20\/wp-json\/wp\/v2\/media?parent=377"}],"curies":[{"name":"wp","href":"https:\/\/api.w.org\/{rel}","templated":true}]}}