{"id":437,"date":"2024-04-29T12:11:58","date_gmt":"2024-04-29T10:11:58","guid":{"rendered":"https:\/\/merkulova.thkit.ee\/wp20\/?page_id=437"},"modified":"2024-04-29T13:22:59","modified_gmt":"2024-04-29T11:22:59","slug":"sql-kasutajate-loomine","status":"publish","type":"page","link":"https:\/\/merkulova.thkit.ee\/wp20\/sql-kasutajate-loomine\/","title":{"rendered":"SQL: Kasutajate loomine"},"content":{"rendered":"\n<p>XAMPP \/ phpMyAdmin \/ localhost<\/p>\n\n\n\n<ol class=\"wp-block-list\">\n<li>Kasutajate kontod&#8212;&gt;Lisa uus kasutajakonto<\/li>\n<\/ol>\n\n\n\n<figure class=\"wp-block-image size-full\"><img loading=\"lazy\" decoding=\"async\" width=\"965\" height=\"690\" src=\"https:\/\/merkulova.thkit.ee\/wp20\/wp-content\/uploads\/2024\/04\/image.png\" alt=\"\" class=\"wp-image-438\" srcset=\"https:\/\/merkulova.thkit.ee\/wp20\/wp-content\/uploads\/2024\/04\/image.png 965w, https:\/\/merkulova.thkit.ee\/wp20\/wp-content\/uploads\/2024\/04\/image-300x215.png 300w, https:\/\/merkulova.thkit.ee\/wp20\/wp-content\/uploads\/2024\/04\/image-768x549.png 768w, https:\/\/merkulova.thkit.ee\/wp20\/wp-content\/uploads\/2024\/04\/image-150x107.png 150w, https:\/\/merkulova.thkit.ee\/wp20\/wp-content\/uploads\/2024\/04\/image-624x446.png 624w\" sizes=\"auto, (max-width: 965px) 100vw, 965px\" \/><\/figure>\n\n\n\n<p>GLOBAALSED \u00d5IGUSED &#8212; \u041f\u0440\u0430\u0432\u0430 \u043f\u043e\u043b\u044c\u0437\u043e\u0432\u0430\u0442\u0435\u043b\u044f \u043d\u0430 \u0432\u0441\u0435 \u0434\u0435\u0439\u0441\u0442\u0432\u0438\u044f \u0438 \u043d\u0430 \u0432\u0441\u0435 \u0411\u0414, \u043a\u043e\u0442\u043e\u0440\u044b\u0435 \u0440\u0430\u043d\u0435\u0435 \u0441\u043e\u0437\u0434\u0430\u043d\u044b.<\/p>\n\n\n\n<p>Paneme oma kasutajale j\u00e4rgmised \u00f5igused &#8211; et ta n\u00e4eb k\u00f5ik SELECT tabelid andmebaasis &#8230;_ saab uuendada UPDATE ja ei saa sisestada uued v\u00f5i kustutada vanad andmed ning luua uued tabelid.<\/p>\n\n\n\n<p>GRANT<a href=\"http:\/\/localhost\/phpmyadmin\/url.php?url=https:\/\/dev.mysql.com\/doc\/refman\/8.0\/en\/select.html\">SELECT<\/a>,<a href=\"http:\/\/localhost\/phpmyadmin\/url.php?url=https:\/\/dev.mysql.com\/doc\/refman\/8.0\/en\/update.html\">UPDATE<\/a>,CREATEON`autodmerkulova`.*TO&#8217;opilaneIrinaM&#8217;@&#8217;localhost&#8217;;<\/p>\n\n\n\n<figure class=\"wp-block-image size-large\"><img loading=\"lazy\" decoding=\"async\" width=\"1024\" height=\"546\" src=\"https:\/\/merkulova.thkit.ee\/wp20\/wp-content\/uploads\/2024\/04\/image-1-1024x546.png\" alt=\"\" class=\"wp-image-439\" srcset=\"https:\/\/merkulova.thkit.ee\/wp20\/wp-content\/uploads\/2024\/04\/image-1-1024x546.png 1024w, https:\/\/merkulova.thkit.ee\/wp20\/wp-content\/uploads\/2024\/04\/image-1-300x160.png 300w, https:\/\/merkulova.thkit.ee\/wp20\/wp-content\/uploads\/2024\/04\/image-1-768x409.png 768w, https:\/\/merkulova.thkit.ee\/wp20\/wp-content\/uploads\/2024\/04\/image-1-150x80.png 150w, https:\/\/merkulova.thkit.ee\/wp20\/wp-content\/uploads\/2024\/04\/image-1-624x333.png 624w, https:\/\/merkulova.thkit.ee\/wp20\/wp-content\/uploads\/2024\/04\/image-1.png 1518w\" sizes=\"auto, (max-width: 1024px) 100vw, 1024px\" \/><\/figure>\n\n\n\n<p>Kontroll.<\/p>\n\n\n\n<ol class=\"wp-block-list\">\n<li>Sisse logime opilaneIrinaM kasutajaga<\/li>\n<\/ol>\n\n\n\n<figure class=\"wp-block-image size-full\"><img loading=\"lazy\" decoding=\"async\" width=\"878\" height=\"393\" src=\"https:\/\/merkulova.thkit.ee\/wp20\/wp-content\/uploads\/2024\/04\/image-2.png\" alt=\"\" class=\"wp-image-440\" srcset=\"https:\/\/merkulova.thkit.ee\/wp20\/wp-content\/uploads\/2024\/04\/image-2.png 878w, https:\/\/merkulova.thkit.ee\/wp20\/wp-content\/uploads\/2024\/04\/image-2-300x134.png 300w, https:\/\/merkulova.thkit.ee\/wp20\/wp-content\/uploads\/2024\/04\/image-2-768x344.png 768w, https:\/\/merkulova.thkit.ee\/wp20\/wp-content\/uploads\/2024\/04\/image-2-150x67.png 150w, https:\/\/merkulova.thkit.ee\/wp20\/wp-content\/uploads\/2024\/04\/image-2-624x279.png 624w\" sizes=\"auto, (max-width: 878px) 100vw, 878px\" \/><\/figure>\n\n\n\n<p>DELETE kasutaja ei saa teha<\/p>\n\n\n\n<figure class=\"wp-block-image size-large\"><img loading=\"lazy\" decoding=\"async\" width=\"1024\" height=\"296\" src=\"https:\/\/merkulova.thkit.ee\/wp20\/wp-content\/uploads\/2024\/04\/image-3-1024x296.png\" alt=\"\" class=\"wp-image-441\" srcset=\"https:\/\/merkulova.thkit.ee\/wp20\/wp-content\/uploads\/2024\/04\/image-3-1024x296.png 1024w, https:\/\/merkulova.thkit.ee\/wp20\/wp-content\/uploads\/2024\/04\/image-3-300x87.png 300w, https:\/\/merkulova.thkit.ee\/wp20\/wp-content\/uploads\/2024\/04\/image-3-768x222.png 768w, https:\/\/merkulova.thkit.ee\/wp20\/wp-content\/uploads\/2024\/04\/image-3-150x43.png 150w, https:\/\/merkulova.thkit.ee\/wp20\/wp-content\/uploads\/2024\/04\/image-3-624x180.png 624w, https:\/\/merkulova.thkit.ee\/wp20\/wp-content\/uploads\/2024\/04\/image-3.png 1188w\" sizes=\"auto, (max-width: 1024px) 100vw, 1024px\" \/><\/figure>\n\n\n\n<p>CREATE &#8211; tabeli loomine on lubatud<\/p>\n\n\n\n<figure class=\"wp-block-image size-large\"><img loading=\"lazy\" decoding=\"async\" width=\"1024\" height=\"335\" src=\"https:\/\/merkulova.thkit.ee\/wp20\/wp-content\/uploads\/2024\/04\/image-4-1024x335.png\" alt=\"\" class=\"wp-image-442\" srcset=\"https:\/\/merkulova.thkit.ee\/wp20\/wp-content\/uploads\/2024\/04\/image-4-1024x335.png 1024w, https:\/\/merkulova.thkit.ee\/wp20\/wp-content\/uploads\/2024\/04\/image-4-300x98.png 300w, https:\/\/merkulova.thkit.ee\/wp20\/wp-content\/uploads\/2024\/04\/image-4-768x251.png 768w, https:\/\/merkulova.thkit.ee\/wp20\/wp-content\/uploads\/2024\/04\/image-4-150x49.png 150w, https:\/\/merkulova.thkit.ee\/wp20\/wp-content\/uploads\/2024\/04\/image-4-624x204.png 624w, https:\/\/merkulova.thkit.ee\/wp20\/wp-content\/uploads\/2024\/04\/image-4.png 1112w\" sizes=\"auto, (max-width: 1024px) 100vw, 1024px\" \/><\/figure>\n\n\n\n<p>INSERT &#8211; lisamine ei ole lubatud<\/p>\n\n\n\n<figure class=\"wp-block-image size-large\"><img loading=\"lazy\" decoding=\"async\" width=\"1024\" height=\"256\" src=\"https:\/\/merkulova.thkit.ee\/wp20\/wp-content\/uploads\/2024\/04\/image-5-1024x256.png\" alt=\"\" class=\"wp-image-445\" srcset=\"https:\/\/merkulova.thkit.ee\/wp20\/wp-content\/uploads\/2024\/04\/image-5-1024x256.png 1024w, https:\/\/merkulova.thkit.ee\/wp20\/wp-content\/uploads\/2024\/04\/image-5-300x75.png 300w, https:\/\/merkulova.thkit.ee\/wp20\/wp-content\/uploads\/2024\/04\/image-5-768x192.png 768w, https:\/\/merkulova.thkit.ee\/wp20\/wp-content\/uploads\/2024\/04\/image-5-150x38.png 150w, https:\/\/merkulova.thkit.ee\/wp20\/wp-content\/uploads\/2024\/04\/image-5-624x156.png 624w, https:\/\/merkulova.thkit.ee\/wp20\/wp-content\/uploads\/2024\/04\/image-5.png 1362w\" sizes=\"auto, (max-width: 1024px) 100vw, 1024px\" \/><\/figure>\n\n\n\n<p>TABELIP\u00d5HINE \u00d5IGUSTE piirang &#8211; \u043e\u0433\u0440\u0430\u043d\u0438\u0447\u0435\u043d\u0438\u0435 \u043d\u0430 \u0443\u0440\u043e\u0432\u043d\u0435 \u0442\u0430\u0431\u043b\u0438\u0446<\/p>\n\n\n\n<figure class=\"wp-block-image size-large\"><img loading=\"lazy\" decoding=\"async\" width=\"1024\" height=\"611\" src=\"https:\/\/merkulova.thkit.ee\/wp20\/wp-content\/uploads\/2024\/04\/image-6-1024x611.png\" alt=\"\" class=\"wp-image-448\" srcset=\"https:\/\/merkulova.thkit.ee\/wp20\/wp-content\/uploads\/2024\/04\/image-6-1024x611.png 1024w, https:\/\/merkulova.thkit.ee\/wp20\/wp-content\/uploads\/2024\/04\/image-6-300x179.png 300w, https:\/\/merkulova.thkit.ee\/wp20\/wp-content\/uploads\/2024\/04\/image-6-768x458.png 768w, https:\/\/merkulova.thkit.ee\/wp20\/wp-content\/uploads\/2024\/04\/image-6-150x90.png 150w, https:\/\/merkulova.thkit.ee\/wp20\/wp-content\/uploads\/2024\/04\/image-6-624x372.png 624w, https:\/\/merkulova.thkit.ee\/wp20\/wp-content\/uploads\/2024\/04\/image-6.png 1260w\" sizes=\"auto, (max-width: 1024px) 100vw, 1024px\" \/><\/figure>\n\n\n\n<p>Kontroll:<\/p>\n\n\n\n<ol class=\"wp-block-list\">\n<li>N\u00e4eme ainult 1 tabel &#8212;auto<\/li>\n<\/ol>\n\n\n\n<figure class=\"wp-block-image size-full\"><img loading=\"lazy\" decoding=\"async\" width=\"673\" height=\"349\" src=\"https:\/\/merkulova.thkit.ee\/wp20\/wp-content\/uploads\/2024\/04\/image-7.png\" alt=\"\" class=\"wp-image-449\" srcset=\"https:\/\/merkulova.thkit.ee\/wp20\/wp-content\/uploads\/2024\/04\/image-7.png 673w, https:\/\/merkulova.thkit.ee\/wp20\/wp-content\/uploads\/2024\/04\/image-7-300x156.png 300w, https:\/\/merkulova.thkit.ee\/wp20\/wp-content\/uploads\/2024\/04\/image-7-150x78.png 150w, https:\/\/merkulova.thkit.ee\/wp20\/wp-content\/uploads\/2024\/04\/image-7-624x324.png 624w\" sizes=\"auto, (max-width: 673px) 100vw, 673px\" \/><\/figure>\n\n\n\n<p>INSERT lisamine ei ole lubatud<\/p>\n\n\n\n<figure class=\"wp-block-image size-large\"><img loading=\"lazy\" decoding=\"async\" width=\"1024\" height=\"272\" src=\"https:\/\/merkulova.thkit.ee\/wp20\/wp-content\/uploads\/2024\/04\/image-8-1024x272.png\" alt=\"\" class=\"wp-image-451\" srcset=\"https:\/\/merkulova.thkit.ee\/wp20\/wp-content\/uploads\/2024\/04\/image-8-1024x272.png 1024w, https:\/\/merkulova.thkit.ee\/wp20\/wp-content\/uploads\/2024\/04\/image-8-300x80.png 300w, https:\/\/merkulova.thkit.ee\/wp20\/wp-content\/uploads\/2024\/04\/image-8-768x204.png 768w, https:\/\/merkulova.thkit.ee\/wp20\/wp-content\/uploads\/2024\/04\/image-8-150x40.png 150w, https:\/\/merkulova.thkit.ee\/wp20\/wp-content\/uploads\/2024\/04\/image-8-624x166.png 624w, https:\/\/merkulova.thkit.ee\/wp20\/wp-content\/uploads\/2024\/04\/image-8.png 1308w\" sizes=\"auto, (max-width: 1024px) 100vw, 1024px\" \/><\/figure>\n\n\n\n<h2 class=\"wp-block-heading\">SQL Server <\/h2>\n\n\n\n<p>Security&#8211;>Login&#8211;>new Login<\/p>\n\n\n\n<figure class=\"wp-block-image size-full\"><img loading=\"lazy\" decoding=\"async\" width=\"698\" height=\"661\" src=\"https:\/\/merkulova.thkit.ee\/wp20\/wp-content\/uploads\/2024\/04\/image-9.png\" alt=\"\" class=\"wp-image-453\" srcset=\"https:\/\/merkulova.thkit.ee\/wp20\/wp-content\/uploads\/2024\/04\/image-9.png 698w, https:\/\/merkulova.thkit.ee\/wp20\/wp-content\/uploads\/2024\/04\/image-9-300x284.png 300w, https:\/\/merkulova.thkit.ee\/wp20\/wp-content\/uploads\/2024\/04\/image-9-150x142.png 150w, https:\/\/merkulova.thkit.ee\/wp20\/wp-content\/uploads\/2024\/04\/image-9-624x591.png 624w\" sizes=\"auto, (max-width: 698px) 100vw, 698px\" \/><\/figure>\n\n\n\n<p><a href=\"https:\/\/learn.microsoft.com\/ru-ru\/previous-versions\/sql\/sql-server-2008-r2\/ms189612(v=sql.105)?redirectedfrom=MSDN\">https:\/\/learn.microsoft.com\/ru-ru\/previous-versions\/sql\/sql-server-2008-r2\/ms189612(v=sql.105)?redirectedfrom=MSDN<\/a><\/p>\n\n\n\n<p>db_datareader annab SELECT \u00f5igust:<\/p>\n\n\n\n<figure class=\"wp-block-image size-full\"><img loading=\"lazy\" decoding=\"async\" width=\"697\" height=\"660\" src=\"https:\/\/merkulova.thkit.ee\/wp20\/wp-content\/uploads\/2024\/04\/image-10.png\" alt=\"\" class=\"wp-image-454\" srcset=\"https:\/\/merkulova.thkit.ee\/wp20\/wp-content\/uploads\/2024\/04\/image-10.png 697w, https:\/\/merkulova.thkit.ee\/wp20\/wp-content\/uploads\/2024\/04\/image-10-300x284.png 300w, https:\/\/merkulova.thkit.ee\/wp20\/wp-content\/uploads\/2024\/04\/image-10-150x142.png 150w, https:\/\/merkulova.thkit.ee\/wp20\/wp-content\/uploads\/2024\/04\/image-10-624x591.png 624w\" sizes=\"auto, (max-width: 697px) 100vw, 697px\" \/><\/figure>\n\n\n\n<figure class=\"wp-block-image size-full\"><img loading=\"lazy\" decoding=\"async\" width=\"418\" height=\"494\" src=\"https:\/\/merkulova.thkit.ee\/wp20\/wp-content\/uploads\/2024\/04\/image-11.png\" alt=\"\" class=\"wp-image-455\" srcset=\"https:\/\/merkulova.thkit.ee\/wp20\/wp-content\/uploads\/2024\/04\/image-11.png 418w, https:\/\/merkulova.thkit.ee\/wp20\/wp-content\/uploads\/2024\/04\/image-11-254x300.png 254w, https:\/\/merkulova.thkit.ee\/wp20\/wp-content\/uploads\/2024\/04\/image-11-127x150.png 127w\" sizes=\"auto, (max-width: 418px) 100vw, 418px\" \/><\/figure>\n\n\n\n<p><strong>GRANT SELECT, INSERT ON test To opilaneIrinaM;<\/strong><\/p>\n\n\n\n<figure class=\"wp-block-image size-full\"><img loading=\"lazy\" decoding=\"async\" width=\"812\" height=\"791\" src=\"https:\/\/merkulova.thkit.ee\/wp20\/wp-content\/uploads\/2024\/04\/image-12.png\" alt=\"\" class=\"wp-image-456\" srcset=\"https:\/\/merkulova.thkit.ee\/wp20\/wp-content\/uploads\/2024\/04\/image-12.png 812w, https:\/\/merkulova.thkit.ee\/wp20\/wp-content\/uploads\/2024\/04\/image-12-300x292.png 300w, https:\/\/merkulova.thkit.ee\/wp20\/wp-content\/uploads\/2024\/04\/image-12-768x748.png 768w, https:\/\/merkulova.thkit.ee\/wp20\/wp-content\/uploads\/2024\/04\/image-12-150x146.png 150w, https:\/\/merkulova.thkit.ee\/wp20\/wp-content\/uploads\/2024\/04\/image-12-624x608.png 624w\" sizes=\"auto, (max-width: 812px) 100vw, 812px\" \/><\/figure>\n\n\n\n<p>Kontroll<\/p>\n\n\n\n<figure class=\"wp-block-image size-full\"><img loading=\"lazy\" decoding=\"async\" width=\"723\" height=\"257\" src=\"https:\/\/merkulova.thkit.ee\/wp20\/wp-content\/uploads\/2024\/04\/image-13.png\" alt=\"\" class=\"wp-image-458\" srcset=\"https:\/\/merkulova.thkit.ee\/wp20\/wp-content\/uploads\/2024\/04\/image-13.png 723w, https:\/\/merkulova.thkit.ee\/wp20\/wp-content\/uploads\/2024\/04\/image-13-300x107.png 300w, https:\/\/merkulova.thkit.ee\/wp20\/wp-content\/uploads\/2024\/04\/image-13-150x53.png 150w, https:\/\/merkulova.thkit.ee\/wp20\/wp-content\/uploads\/2024\/04\/image-13-624x222.png 624w\" sizes=\"auto, (max-width: 723px) 100vw, 723px\" \/><\/figure>\n\n\n\n<figure class=\"wp-block-image size-large\"><img loading=\"lazy\" decoding=\"async\" width=\"1024\" height=\"227\" src=\"https:\/\/merkulova.thkit.ee\/wp20\/wp-content\/uploads\/2024\/04\/image-14-1024x227.png\" alt=\"\" class=\"wp-image-459\" srcset=\"https:\/\/merkulova.thkit.ee\/wp20\/wp-content\/uploads\/2024\/04\/image-14-1024x227.png 1024w, https:\/\/merkulova.thkit.ee\/wp20\/wp-content\/uploads\/2024\/04\/image-14-300x66.png 300w, https:\/\/merkulova.thkit.ee\/wp20\/wp-content\/uploads\/2024\/04\/image-14-768x170.png 768w, https:\/\/merkulova.thkit.ee\/wp20\/wp-content\/uploads\/2024\/04\/image-14-150x33.png 150w, https:\/\/merkulova.thkit.ee\/wp20\/wp-content\/uploads\/2024\/04\/image-14-624x138.png 624w, https:\/\/merkulova.thkit.ee\/wp20\/wp-content\/uploads\/2024\/04\/image-14.png 1495w\" sizes=\"auto, (max-width: 1024px) 100vw, 1024px\" \/><\/figure>\n\n\n\n<figure class=\"wp-block-image size-full\"><img loading=\"lazy\" decoding=\"async\" width=\"806\" height=\"461\" src=\"https:\/\/merkulova.thkit.ee\/wp20\/wp-content\/uploads\/2024\/04\/image-15.png\" alt=\"\" class=\"wp-image-460\" srcset=\"https:\/\/merkulova.thkit.ee\/wp20\/wp-content\/uploads\/2024\/04\/image-15.png 806w, https:\/\/merkulova.thkit.ee\/wp20\/wp-content\/uploads\/2024\/04\/image-15-300x172.png 300w, https:\/\/merkulova.thkit.ee\/wp20\/wp-content\/uploads\/2024\/04\/image-15-768x439.png 768w, https:\/\/merkulova.thkit.ee\/wp20\/wp-content\/uploads\/2024\/04\/image-15-150x86.png 150w, https:\/\/merkulova.thkit.ee\/wp20\/wp-content\/uploads\/2024\/04\/image-15-624x357.png 624w\" sizes=\"auto, (max-width: 806px) 100vw, 806px\" \/><\/figure>\n","protected":false},"excerpt":{"rendered":"<p>XAMPP \/ phpMyAdmin \/ localhost GLOBAALSED \u00d5IGUSED &#8212; \u041f\u0440\u0430\u0432\u0430 \u043f\u043e\u043b\u044c\u0437\u043e\u0432\u0430\u0442\u0435\u043b\u044f \u043d\u0430 \u0432\u0441\u0435 \u0434\u0435\u0439\u0441\u0442\u0432\u0438\u044f \u0438 \u043d\u0430 \u0432\u0441\u0435 \u0411\u0414, \u043a\u043e\u0442\u043e\u0440\u044b\u0435 \u0440\u0430\u043d\u0435\u0435 \u0441\u043e\u0437\u0434\u0430\u043d\u044b. Paneme oma kasutajale j\u00e4rgmised \u00f5igused &#8211; et ta n\u00e4eb k\u00f5ik SELECT tabelid andmebaasis &#8230;_ saab uuendada UPDATE ja ei saa sisestada uued v\u00f5i kustutada vanad andmed ning luua uued tabelid. GRANTSELECT,UPDATE,CREATEON`autodmerkulova`.*TO&#8217;opilaneIrinaM&#8217;@&#8217;localhost&#8217;; Kontroll. DELETE kasutaja ei [&hellip;]<\/p>\n","protected":false},"author":1,"featured_media":0,"parent":0,"menu_order":0,"comment_status":"closed","ping_status":"closed","template":"","meta":{"footnotes":""},"class_list":["post-437","page","type-page","status-publish","hentry"],"yoast_head":"<!-- This site is optimized with the Yoast SEO plugin v25.8 - https:\/\/yoast.com\/wordpress\/plugins\/seo\/ -->\n<title>SQL: Kasutajate loomine - Irina Merkulova &otilde;pimapp | portfoolio<\/title>\n<meta name=\"robots\" content=\"index, follow, max-snippet:-1, max-image-preview:large, max-video-preview:-1\" \/>\n<link rel=\"canonical\" href=\"https:\/\/merkulova.thkit.ee\/wp20\/sql-kasutajate-loomine\/\" \/>\n<meta property=\"og:locale\" content=\"et_EE\" \/>\n<meta property=\"og:type\" content=\"article\" \/>\n<meta property=\"og:title\" content=\"SQL: Kasutajate loomine - Irina Merkulova &otilde;pimapp | portfoolio\" \/>\n<meta property=\"og:description\" content=\"XAMPP \/ phpMyAdmin \/ localhost GLOBAALSED \u00d5IGUSED &#8212; \u041f\u0440\u0430\u0432\u0430 \u043f\u043e\u043b\u044c\u0437\u043e\u0432\u0430\u0442\u0435\u043b\u044f \u043d\u0430 \u0432\u0441\u0435 \u0434\u0435\u0439\u0441\u0442\u0432\u0438\u044f \u0438 \u043d\u0430 \u0432\u0441\u0435 \u0411\u0414, \u043a\u043e\u0442\u043e\u0440\u044b\u0435 \u0440\u0430\u043d\u0435\u0435 \u0441\u043e\u0437\u0434\u0430\u043d\u044b. Paneme oma kasutajale j\u00e4rgmised \u00f5igused &#8211; et ta n\u00e4eb k\u00f5ik SELECT tabelid andmebaasis &#8230;_ saab uuendada UPDATE ja ei saa sisestada uued v\u00f5i kustutada vanad andmed ning luua uued tabelid. GRANTSELECT,UPDATE,CREATEON`autodmerkulova`.*TO&#8217;opilaneIrinaM&#8217;@&#8217;localhost&#8217;; Kontroll. DELETE kasutaja ei [&hellip;]\" \/>\n<meta property=\"og:url\" content=\"https:\/\/merkulova.thkit.ee\/wp20\/sql-kasutajate-loomine\/\" \/>\n<meta property=\"og:site_name\" content=\"Irina Merkulova &otilde;pimapp | portfoolio\" \/>\n<meta property=\"article:modified_time\" content=\"2024-04-29T11:22:59+00:00\" \/>\n<meta property=\"og:image\" content=\"https:\/\/merkulova.thkit.ee\/wp20\/wp-content\/uploads\/2024\/04\/image.png\" \/>\n\t<meta property=\"og:image:width\" content=\"965\" \/>\n\t<meta property=\"og:image:height\" content=\"690\" \/>\n\t<meta property=\"og:image:type\" content=\"image\/png\" \/>\n<meta name=\"twitter:card\" content=\"summary_large_image\" \/>\n<meta name=\"twitter:label1\" content=\"Est. reading time\" \/>\n\t<meta name=\"twitter:data1\" content=\"1 minut\" \/>\n<script type=\"application\/ld+json\" class=\"yoast-schema-graph\">{\"@context\":\"https:\/\/schema.org\",\"@graph\":[{\"@type\":\"WebPage\",\"@id\":\"https:\/\/merkulova.thkit.ee\/wp20\/sql-kasutajate-loomine\/\",\"url\":\"https:\/\/merkulova.thkit.ee\/wp20\/sql-kasutajate-loomine\/\",\"name\":\"SQL: Kasutajate loomine - Irina Merkulova &otilde;pimapp | portfoolio\",\"isPartOf\":{\"@id\":\"https:\/\/merkulova.thkit.ee\/wp20\/#website\"},\"primaryImageOfPage\":{\"@id\":\"https:\/\/merkulova.thkit.ee\/wp20\/sql-kasutajate-loomine\/#primaryimage\"},\"image\":{\"@id\":\"https:\/\/merkulova.thkit.ee\/wp20\/sql-kasutajate-loomine\/#primaryimage\"},\"thumbnailUrl\":\"https:\/\/merkulova.thkit.ee\/wp20\/wp-content\/uploads\/2024\/04\/image.png\",\"datePublished\":\"2024-04-29T10:11:58+00:00\",\"dateModified\":\"2024-04-29T11:22:59+00:00\",\"breadcrumb\":{\"@id\":\"https:\/\/merkulova.thkit.ee\/wp20\/sql-kasutajate-loomine\/#breadcrumb\"},\"inLanguage\":\"et\",\"potentialAction\":[{\"@type\":\"ReadAction\",\"target\":[\"https:\/\/merkulova.thkit.ee\/wp20\/sql-kasutajate-loomine\/\"]}]},{\"@type\":\"ImageObject\",\"inLanguage\":\"et\",\"@id\":\"https:\/\/merkulova.thkit.ee\/wp20\/sql-kasutajate-loomine\/#primaryimage\",\"url\":\"https:\/\/merkulova.thkit.ee\/wp20\/wp-content\/uploads\/2024\/04\/image.png\",\"contentUrl\":\"https:\/\/merkulova.thkit.ee\/wp20\/wp-content\/uploads\/2024\/04\/image.png\",\"width\":965,\"height\":690},{\"@type\":\"BreadcrumbList\",\"@id\":\"https:\/\/merkulova.thkit.ee\/wp20\/sql-kasutajate-loomine\/#breadcrumb\",\"itemListElement\":[{\"@type\":\"ListItem\",\"position\":1,\"name\":\"\u0413\u043b\u0430\u0432\u043d\u0430\u044f \u0441\u0442\u0440\u0430\u043d\u0438\u0446\u0430\",\"item\":\"https:\/\/merkulova.thkit.ee\/wp20\/\"},{\"@type\":\"ListItem\",\"position\":2,\"name\":\"SQL: Kasutajate loomine\"}]},{\"@type\":\"WebSite\",\"@id\":\"https:\/\/merkulova.thkit.ee\/wp20\/#website\",\"url\":\"https:\/\/merkulova.thkit.ee\/wp20\/\",\"name\":\"Veebirakenduse portfoolio\",\"description\":\"Noorem Tarkvaraarendaja eriala\",\"publisher\":{\"@id\":\"https:\/\/merkulova.thkit.ee\/wp20\/#\/schema\/person\/3e81f4867c46822cdeca159fa89142ae\"},\"potentialAction\":[{\"@type\":\"SearchAction\",\"target\":{\"@type\":\"EntryPoint\",\"urlTemplate\":\"https:\/\/merkulova.thkit.ee\/wp20\/?s={search_term_string}\"},\"query-input\":{\"@type\":\"PropertyValueSpecification\",\"valueRequired\":true,\"valueName\":\"search_term_string\"}}],\"inLanguage\":\"et\"},{\"@type\":[\"Person\",\"Organization\"],\"@id\":\"https:\/\/merkulova.thkit.ee\/wp20\/#\/schema\/person\/3e81f4867c46822cdeca159fa89142ae\",\"name\":\"admin\",\"image\":{\"@type\":\"ImageObject\",\"inLanguage\":\"et\",\"@id\":\"https:\/\/merkulova.thkit.ee\/wp20\/#\/schema\/person\/image\/\",\"url\":\"https:\/\/secure.gravatar.com\/avatar\/4c53fa504772b2274d9d09d84825a2c569865fca538b5b70247d8f1668b9eb51?s=96&d=mm&r=g\",\"contentUrl\":\"https:\/\/secure.gravatar.com\/avatar\/4c53fa504772b2274d9d09d84825a2c569865fca538b5b70247d8f1668b9eb51?s=96&d=mm&r=g\",\"caption\":\"admin\"},\"logo\":{\"@id\":\"https:\/\/merkulova.thkit.ee\/wp20\/#\/schema\/person\/image\/\"},\"sameAs\":[\"https:\/\/merkulova.thkit.ee\/wp20\"]}]}<\/script>\n<!-- \/ Yoast SEO plugin. -->","yoast_head_json":{"title":"SQL: Kasutajate loomine - Irina Merkulova &otilde;pimapp | portfoolio","robots":{"index":"index","follow":"follow","max-snippet":"max-snippet:-1","max-image-preview":"max-image-preview:large","max-video-preview":"max-video-preview:-1"},"canonical":"https:\/\/merkulova.thkit.ee\/wp20\/sql-kasutajate-loomine\/","og_locale":"et_EE","og_type":"article","og_title":"SQL: Kasutajate loomine - Irina Merkulova &otilde;pimapp | portfoolio","og_description":"XAMPP \/ phpMyAdmin \/ localhost GLOBAALSED \u00d5IGUSED &#8212; \u041f\u0440\u0430\u0432\u0430 \u043f\u043e\u043b\u044c\u0437\u043e\u0432\u0430\u0442\u0435\u043b\u044f \u043d\u0430 \u0432\u0441\u0435 \u0434\u0435\u0439\u0441\u0442\u0432\u0438\u044f \u0438 \u043d\u0430 \u0432\u0441\u0435 \u0411\u0414, \u043a\u043e\u0442\u043e\u0440\u044b\u0435 \u0440\u0430\u043d\u0435\u0435 \u0441\u043e\u0437\u0434\u0430\u043d\u044b. Paneme oma kasutajale j\u00e4rgmised \u00f5igused &#8211; et ta n\u00e4eb k\u00f5ik SELECT tabelid andmebaasis &#8230;_ saab uuendada UPDATE ja ei saa sisestada uued v\u00f5i kustutada vanad andmed ning luua uued tabelid. GRANTSELECT,UPDATE,CREATEON`autodmerkulova`.*TO&#8217;opilaneIrinaM&#8217;@&#8217;localhost&#8217;; Kontroll. DELETE kasutaja ei [&hellip;]","og_url":"https:\/\/merkulova.thkit.ee\/wp20\/sql-kasutajate-loomine\/","og_site_name":"Irina Merkulova &otilde;pimapp | portfoolio","article_modified_time":"2024-04-29T11:22:59+00:00","og_image":[{"width":965,"height":690,"url":"https:\/\/merkulova.thkit.ee\/wp20\/wp-content\/uploads\/2024\/04\/image.png","type":"image\/png"}],"twitter_card":"summary_large_image","twitter_misc":{"Est. reading time":"1 minut"},"schema":{"@context":"https:\/\/schema.org","@graph":[{"@type":"WebPage","@id":"https:\/\/merkulova.thkit.ee\/wp20\/sql-kasutajate-loomine\/","url":"https:\/\/merkulova.thkit.ee\/wp20\/sql-kasutajate-loomine\/","name":"SQL: Kasutajate loomine - Irina Merkulova &otilde;pimapp | portfoolio","isPartOf":{"@id":"https:\/\/merkulova.thkit.ee\/wp20\/#website"},"primaryImageOfPage":{"@id":"https:\/\/merkulova.thkit.ee\/wp20\/sql-kasutajate-loomine\/#primaryimage"},"image":{"@id":"https:\/\/merkulova.thkit.ee\/wp20\/sql-kasutajate-loomine\/#primaryimage"},"thumbnailUrl":"https:\/\/merkulova.thkit.ee\/wp20\/wp-content\/uploads\/2024\/04\/image.png","datePublished":"2024-04-29T10:11:58+00:00","dateModified":"2024-04-29T11:22:59+00:00","breadcrumb":{"@id":"https:\/\/merkulova.thkit.ee\/wp20\/sql-kasutajate-loomine\/#breadcrumb"},"inLanguage":"et","potentialAction":[{"@type":"ReadAction","target":["https:\/\/merkulova.thkit.ee\/wp20\/sql-kasutajate-loomine\/"]}]},{"@type":"ImageObject","inLanguage":"et","@id":"https:\/\/merkulova.thkit.ee\/wp20\/sql-kasutajate-loomine\/#primaryimage","url":"https:\/\/merkulova.thkit.ee\/wp20\/wp-content\/uploads\/2024\/04\/image.png","contentUrl":"https:\/\/merkulova.thkit.ee\/wp20\/wp-content\/uploads\/2024\/04\/image.png","width":965,"height":690},{"@type":"BreadcrumbList","@id":"https:\/\/merkulova.thkit.ee\/wp20\/sql-kasutajate-loomine\/#breadcrumb","itemListElement":[{"@type":"ListItem","position":1,"name":"\u0413\u043b\u0430\u0432\u043d\u0430\u044f \u0441\u0442\u0440\u0430\u043d\u0438\u0446\u0430","item":"https:\/\/merkulova.thkit.ee\/wp20\/"},{"@type":"ListItem","position":2,"name":"SQL: Kasutajate loomine"}]},{"@type":"WebSite","@id":"https:\/\/merkulova.thkit.ee\/wp20\/#website","url":"https:\/\/merkulova.thkit.ee\/wp20\/","name":"Veebirakenduse portfoolio","description":"Noorem Tarkvaraarendaja eriala","publisher":{"@id":"https:\/\/merkulova.thkit.ee\/wp20\/#\/schema\/person\/3e81f4867c46822cdeca159fa89142ae"},"potentialAction":[{"@type":"SearchAction","target":{"@type":"EntryPoint","urlTemplate":"https:\/\/merkulova.thkit.ee\/wp20\/?s={search_term_string}"},"query-input":{"@type":"PropertyValueSpecification","valueRequired":true,"valueName":"search_term_string"}}],"inLanguage":"et"},{"@type":["Person","Organization"],"@id":"https:\/\/merkulova.thkit.ee\/wp20\/#\/schema\/person\/3e81f4867c46822cdeca159fa89142ae","name":"admin","image":{"@type":"ImageObject","inLanguage":"et","@id":"https:\/\/merkulova.thkit.ee\/wp20\/#\/schema\/person\/image\/","url":"https:\/\/secure.gravatar.com\/avatar\/4c53fa504772b2274d9d09d84825a2c569865fca538b5b70247d8f1668b9eb51?s=96&d=mm&r=g","contentUrl":"https:\/\/secure.gravatar.com\/avatar\/4c53fa504772b2274d9d09d84825a2c569865fca538b5b70247d8f1668b9eb51?s=96&d=mm&r=g","caption":"admin"},"logo":{"@id":"https:\/\/merkulova.thkit.ee\/wp20\/#\/schema\/person\/image\/"},"sameAs":["https:\/\/merkulova.thkit.ee\/wp20"]}]}},"_links":{"self":[{"href":"https:\/\/merkulova.thkit.ee\/wp20\/wp-json\/wp\/v2\/pages\/437","targetHints":{"allow":["GET"]}}],"collection":[{"href":"https:\/\/merkulova.thkit.ee\/wp20\/wp-json\/wp\/v2\/pages"}],"about":[{"href":"https:\/\/merkulova.thkit.ee\/wp20\/wp-json\/wp\/v2\/types\/page"}],"author":[{"embeddable":true,"href":"https:\/\/merkulova.thkit.ee\/wp20\/wp-json\/wp\/v2\/users\/1"}],"replies":[{"embeddable":true,"href":"https:\/\/merkulova.thkit.ee\/wp20\/wp-json\/wp\/v2\/comments?post=437"}],"version-history":[{"count":5,"href":"https:\/\/merkulova.thkit.ee\/wp20\/wp-json\/wp\/v2\/pages\/437\/revisions"}],"predecessor-version":[{"id":461,"href":"https:\/\/merkulova.thkit.ee\/wp20\/wp-json\/wp\/v2\/pages\/437\/revisions\/461"}],"wp:attachment":[{"href":"https:\/\/merkulova.thkit.ee\/wp20\/wp-json\/wp\/v2\/media?parent=437"}],"curies":[{"name":"wp","href":"https:\/\/api.w.org\/{rel}","templated":true}]}}