{"id":610,"date":"2025-03-13T15:46:07","date_gmt":"2025-03-13T13:46:07","guid":{"rendered":"https:\/\/merkulova.thkit.ee\/wp20\/?page_id=610"},"modified":"2025-03-13T16:02:27","modified_gmt":"2025-03-13T14:02:27","slug":"googleappsscript-sendmail-from-form-naidis","status":"publish","type":"page","link":"https:\/\/merkulova.thkit.ee\/wp20\/googleappsscript-sendmail-from-form-naidis\/","title":{"rendered":"GoogleAppsScript: SendMail from form n\u00e4idis"},"content":{"rendered":"\n<ol class=\"wp-block-list\">\n<li>on tehtud ilus ja oma v\u00e4ljadega vorm (T\u00c4HTIS! \u00fcks v\u00e4li on email)<\/li>\n<\/ol>\n\n\n\n<p>pilt<\/p>\n\n\n\n<p>2. GoogleTable salvestab vormisisestused<\/p>\n\n\n\n<p>pilt<\/p>\n\n\n\n<p>3. Lisame Google Apps Script<\/p>\n\n\n<div class=\"wp-block-syntaxhighlighter-code \"><pre class=\"brush: jscript; title: ; notranslate\" title=\"\">\nfunction sendEmailToClient() {\n\n    \/\/\u0422\u0435\u043a\u0443\u0449\u0430\u044f \u0413\u0443\u0433\u043b \u0422\u0430\u0431\u043b\u0438\u0446\u0430 \u0437\u0430\u043f\u0438\u0441\u0430\u043d\u0430 \u0432 \u043f\u0435\u0440\u0435\u043c\u0435\u043d\u043d\u0443\u044e:\n    let ss = SpreadsheetApp.getActiveSpreadsheet();\n\n    \/\/\u041b\u0438\u0441\u0442 \u0442\u0435\u043a\u0443\u0449\u0435\u0439 \u0442\u0430\u0431\u043b\u0438\u0446\u044b \u0441 \u0438\u043c\u0435\u043d\u0435\u043c &quot;Vormi vastused 1&quot;, \u0432 \u043a\u043e\u0442\u043e\u0440\u044b\u0439 \u0437\u0430\u0433\u0440\u0443\u0436\u0430\u044e\u0442\u0441\u044f \u043e\u0442\u0432\u0435\u0442\u044b \u0438\u0437 \u0444\u043e\u0440\u043c\u044b, \u0437\u0430\u043f\u0438\u0441\u0430\u043d \u0432 \u043f\u0435\u0440\u0435\u043c\u0435\u043d\u043d\u0443\u044e:\n    \n    let listAnswers = ss.getSheetByName(&quot;Vormi vastused 1&quot;);\n\n    \/\/\u041f\u043e\u043b\u0443\u0447\u0435\u043d email \u043a\u043b\u0438\u0435\u043d\u0442\u0430 \u0438\u0437 \u044f\u0447\u0435\u0439\u043a\u0438 \u0441 \u0430\u0434\u0440\u0435\u0441\u043e\u043c: \u043f\u043e\u0441\u043b\u0435\u0434\u043d\u044f\u044f \u0441\u0442\u0440\u043e\u043a\u0430, 4 \u0440\u044f\u0434, - \u0438 \u0437\u0430\u043f\u0438\u0441\u0430\u043d \u0432 \u043f\u0435\u0440\u0435\u043c\u0435\u043d\u043d\u0443\u044e:\n    let clientEmail = listAnswers.getRange(listAnswers.getLastRow(),2).getValue();\n\n    \/\/valik - viimane rida, kolmas veerg\n\n    let valik = listAnswers.getRange(listAnswers.getLastRow(),3).getValue();\n\n    \/\/\u0422\u0435\u043b\u043e \u043f\u0438\u0441\u044c\u043c\u0430, \u043e\u0442\u0444\u043e\u0440\u043c\u0430\u0442\u0438\u0440\u043e\u0432\u0430\u043d\u043d\u043e\u0435 \u0432 html-\u0440\u0430\u0437\u043c\u0435\u0442\u043a\u0435, \u0437\u0430\u043f\u0438\u0441\u0430\u043d\u043e \u0432 \u043f\u0435\u0440\u0435\u043c\u0435\u043d\u043d\u0443\u044e:\n    let bodyValik1 =\n    &#039;Tere! &lt;br\/&gt; Me saime k\u00e4tte teie  &lt;strong&gt;avaldus&lt;\/strong&gt;&lt;br\/&gt; &#039; +\n    &#039;T\u00e4na helistame sulle!&lt;br\/&gt;&#039; +\n    &#039;&lt;br\/&gt;&lt;br\/&gt;&lt;a href=&quot;https:\/\/www.tthk.ee\/&quot;&gt;Rohkem infot &lt;\/a&gt;&lt;br\/&gt;&#039;+\n    &#039;P\u00e4ikest, &lt;br\/&gt; TTHK&#039;;\n    let bodyValik2 =\n    &#039;Tere! &lt;br\/&gt; Me saime k\u00e4tte teie  &lt;strong&gt;avaldus&lt;\/strong&gt;&lt;br\/&gt; &#039; +\n    &#039;Homme helistame sulle&lt;br\/&gt;&#039; +\n    &#039;&lt;br\/&gt;&lt;br\/&gt;&lt;a href=&quot;https:\/\/www.tthk.ee\/&quot;&gt;Rohkem infot &lt;\/a&gt;&lt;br\/&gt;&#039;+\n    &#039;P\u00e4ikest, &lt;br\/&gt; TTHK&#039;;\n    let bodyValik3 =\n    &#039;Tere! &lt;br\/&gt; Me saime k\u00e4tte teie  &lt;strong&gt;avaldus&lt;\/strong&gt;&lt;br\/&gt; &#039; +\n    &#039;\u00dclehomme helistame sulle&lt;br\/&gt;&#039; +\n    &#039;&lt;br\/&gt;&lt;br\/&gt;&lt;a href=&quot;https:\/\/www.tthk.ee\/&quot;&gt;Rohkem infot &lt;\/a&gt;&lt;br\/&gt;&#039;+\n    &#039;P\u00e4ikest, &lt;br\/&gt; TTHK&#039;;\n     let bodyValimata =\n    &#039;Tere! &lt;br\/&gt; Me ei saanud sinu vastust!&lt;br\/&gt; &#039; +\n    &#039;P\u00e4ikest, &lt;br\/&gt; TTHK&#039;;\n    let body;\n\n\n    \/\/ tingimused\n\n    if(valik==&#039;t\u00e4na&#039;){body=bodyValik1}\n    else if(valik==&#039;homme&#039;){body=bodyValik2}\n    else if(valik==&#039;\u00fclehomme&#039;){body=bodyValik3}\n    else {body=bodyValimata}\n    \n\n    MailApp.sendEmail(clientEmail, &quot;Vormi vastus&quot;,&#039;&#039;,{htmlBody: body});\n\n    }\n\n\n<\/pre><\/div>\n\n\n<iframe loading=\"lazy\" src=\"https:\/\/docs.google.com\/forms\/d\/e\/1FAIpQLSedWu6OzHIJJmbAeBuHSz8D7baMogWP2kbc5r-y-ZTQVoym7w\/viewform?embedded=true\" width=\"640\" height=\"909\" frameborder=\"0\" marginheight=\"0\" marginwidth=\"0\">Laadimine\u2026<\/iframe>\n","protected":false},"excerpt":{"rendered":"<p>pilt 2. GoogleTable salvestab vormisisestused pilt 3. Lisame Google Apps Script Laadimine\u2026<\/p>\n","protected":false},"author":1,"featured_media":0,"parent":0,"menu_order":0,"comment_status":"closed","ping_status":"closed","template":"","meta":{"footnotes":""},"class_list":["post-610","page","type-page","status-publish","hentry"],"yoast_head":"<!-- This site is optimized with the Yoast SEO plugin v25.8 - https:\/\/yoast.com\/wordpress\/plugins\/seo\/ -->\n<title>GoogleAppsScript: SendMail from form n\u00e4idis - Irina Merkulova &otilde;pimapp | portfoolio<\/title>\n<meta name=\"robots\" content=\"index, follow, max-snippet:-1, max-image-preview:large, max-video-preview:-1\" \/>\n<link rel=\"canonical\" href=\"https:\/\/merkulova.thkit.ee\/wp20\/googleappsscript-sendmail-from-form-naidis\/\" \/>\n<meta property=\"og:locale\" content=\"et_EE\" \/>\n<meta property=\"og:type\" content=\"article\" \/>\n<meta property=\"og:title\" content=\"GoogleAppsScript: SendMail from form n\u00e4idis - Irina Merkulova &otilde;pimapp | portfoolio\" \/>\n<meta property=\"og:description\" content=\"pilt 2. GoogleTable salvestab vormisisestused pilt 3. Lisame Google Apps Script Laadimine\u2026\" \/>\n<meta property=\"og:url\" content=\"https:\/\/merkulova.thkit.ee\/wp20\/googleappsscript-sendmail-from-form-naidis\/\" \/>\n<meta property=\"og:site_name\" content=\"Irina Merkulova &otilde;pimapp | portfoolio\" \/>\n<meta property=\"article:modified_time\" content=\"2025-03-13T14:02:27+00:00\" \/>\n<meta name=\"twitter:card\" content=\"summary_large_image\" \/>\n<meta name=\"twitter:label1\" content=\"Est. reading time\" \/>\n\t<meta name=\"twitter:data1\" content=\"1 minut\" \/>\n<script type=\"application\/ld+json\" class=\"yoast-schema-graph\">{\"@context\":\"https:\/\/schema.org\",\"@graph\":[{\"@type\":\"WebPage\",\"@id\":\"https:\/\/merkulova.thkit.ee\/wp20\/googleappsscript-sendmail-from-form-naidis\/\",\"url\":\"https:\/\/merkulova.thkit.ee\/wp20\/googleappsscript-sendmail-from-form-naidis\/\",\"name\":\"GoogleAppsScript: SendMail from form n\u00e4idis - Irina Merkulova &otilde;pimapp | portfoolio\",\"isPartOf\":{\"@id\":\"https:\/\/merkulova.thkit.ee\/wp20\/#website\"},\"datePublished\":\"2025-03-13T13:46:07+00:00\",\"dateModified\":\"2025-03-13T14:02:27+00:00\",\"breadcrumb\":{\"@id\":\"https:\/\/merkulova.thkit.ee\/wp20\/googleappsscript-sendmail-from-form-naidis\/#breadcrumb\"},\"inLanguage\":\"et\",\"potentialAction\":[{\"@type\":\"ReadAction\",\"target\":[\"https:\/\/merkulova.thkit.ee\/wp20\/googleappsscript-sendmail-from-form-naidis\/\"]}]},{\"@type\":\"BreadcrumbList\",\"@id\":\"https:\/\/merkulova.thkit.ee\/wp20\/googleappsscript-sendmail-from-form-naidis\/#breadcrumb\",\"itemListElement\":[{\"@type\":\"ListItem\",\"position\":1,\"name\":\"\u0413\u043b\u0430\u0432\u043d\u0430\u044f \u0441\u0442\u0440\u0430\u043d\u0438\u0446\u0430\",\"item\":\"https:\/\/merkulova.thkit.ee\/wp20\/\"},{\"@type\":\"ListItem\",\"position\":2,\"name\":\"GoogleAppsScript: SendMail from form n\u00e4idis\"}]},{\"@type\":\"WebSite\",\"@id\":\"https:\/\/merkulova.thkit.ee\/wp20\/#website\",\"url\":\"https:\/\/merkulova.thkit.ee\/wp20\/\",\"name\":\"Veebirakenduse portfoolio\",\"description\":\"Noorem Tarkvaraarendaja eriala\",\"publisher\":{\"@id\":\"https:\/\/merkulova.thkit.ee\/wp20\/#\/schema\/person\/3e81f4867c46822cdeca159fa89142ae\"},\"potentialAction\":[{\"@type\":\"SearchAction\",\"target\":{\"@type\":\"EntryPoint\",\"urlTemplate\":\"https:\/\/merkulova.thkit.ee\/wp20\/?s={search_term_string}\"},\"query-input\":{\"@type\":\"PropertyValueSpecification\",\"valueRequired\":true,\"valueName\":\"search_term_string\"}}],\"inLanguage\":\"et\"},{\"@type\":[\"Person\",\"Organization\"],\"@id\":\"https:\/\/merkulova.thkit.ee\/wp20\/#\/schema\/person\/3e81f4867c46822cdeca159fa89142ae\",\"name\":\"admin\",\"image\":{\"@type\":\"ImageObject\",\"inLanguage\":\"et\",\"@id\":\"https:\/\/merkulova.thkit.ee\/wp20\/#\/schema\/person\/image\/\",\"url\":\"https:\/\/secure.gravatar.com\/avatar\/4c53fa504772b2274d9d09d84825a2c569865fca538b5b70247d8f1668b9eb51?s=96&d=mm&r=g\",\"contentUrl\":\"https:\/\/secure.gravatar.com\/avatar\/4c53fa504772b2274d9d09d84825a2c569865fca538b5b70247d8f1668b9eb51?s=96&d=mm&r=g\",\"caption\":\"admin\"},\"logo\":{\"@id\":\"https:\/\/merkulova.thkit.ee\/wp20\/#\/schema\/person\/image\/\"},\"sameAs\":[\"https:\/\/merkulova.thkit.ee\/wp20\"]}]}<\/script>\n<!-- \/ Yoast SEO plugin. -->","yoast_head_json":{"title":"GoogleAppsScript: SendMail from form n\u00e4idis - Irina Merkulova &otilde;pimapp | portfoolio","robots":{"index":"index","follow":"follow","max-snippet":"max-snippet:-1","max-image-preview":"max-image-preview:large","max-video-preview":"max-video-preview:-1"},"canonical":"https:\/\/merkulova.thkit.ee\/wp20\/googleappsscript-sendmail-from-form-naidis\/","og_locale":"et_EE","og_type":"article","og_title":"GoogleAppsScript: SendMail from form n\u00e4idis - Irina Merkulova &otilde;pimapp | portfoolio","og_description":"pilt 2. GoogleTable salvestab vormisisestused pilt 3. Lisame Google Apps Script Laadimine\u2026","og_url":"https:\/\/merkulova.thkit.ee\/wp20\/googleappsscript-sendmail-from-form-naidis\/","og_site_name":"Irina Merkulova &otilde;pimapp | portfoolio","article_modified_time":"2025-03-13T14:02:27+00:00","twitter_card":"summary_large_image","twitter_misc":{"Est. reading time":"1 minut"},"schema":{"@context":"https:\/\/schema.org","@graph":[{"@type":"WebPage","@id":"https:\/\/merkulova.thkit.ee\/wp20\/googleappsscript-sendmail-from-form-naidis\/","url":"https:\/\/merkulova.thkit.ee\/wp20\/googleappsscript-sendmail-from-form-naidis\/","name":"GoogleAppsScript: SendMail from form n\u00e4idis - Irina Merkulova &otilde;pimapp | portfoolio","isPartOf":{"@id":"https:\/\/merkulova.thkit.ee\/wp20\/#website"},"datePublished":"2025-03-13T13:46:07+00:00","dateModified":"2025-03-13T14:02:27+00:00","breadcrumb":{"@id":"https:\/\/merkulova.thkit.ee\/wp20\/googleappsscript-sendmail-from-form-naidis\/#breadcrumb"},"inLanguage":"et","potentialAction":[{"@type":"ReadAction","target":["https:\/\/merkulova.thkit.ee\/wp20\/googleappsscript-sendmail-from-form-naidis\/"]}]},{"@type":"BreadcrumbList","@id":"https:\/\/merkulova.thkit.ee\/wp20\/googleappsscript-sendmail-from-form-naidis\/#breadcrumb","itemListElement":[{"@type":"ListItem","position":1,"name":"\u0413\u043b\u0430\u0432\u043d\u0430\u044f \u0441\u0442\u0440\u0430\u043d\u0438\u0446\u0430","item":"https:\/\/merkulova.thkit.ee\/wp20\/"},{"@type":"ListItem","position":2,"name":"GoogleAppsScript: SendMail from form n\u00e4idis"}]},{"@type":"WebSite","@id":"https:\/\/merkulova.thkit.ee\/wp20\/#website","url":"https:\/\/merkulova.thkit.ee\/wp20\/","name":"Veebirakenduse portfoolio","description":"Noorem Tarkvaraarendaja eriala","publisher":{"@id":"https:\/\/merkulova.thkit.ee\/wp20\/#\/schema\/person\/3e81f4867c46822cdeca159fa89142ae"},"potentialAction":[{"@type":"SearchAction","target":{"@type":"EntryPoint","urlTemplate":"https:\/\/merkulova.thkit.ee\/wp20\/?s={search_term_string}"},"query-input":{"@type":"PropertyValueSpecification","valueRequired":true,"valueName":"search_term_string"}}],"inLanguage":"et"},{"@type":["Person","Organization"],"@id":"https:\/\/merkulova.thkit.ee\/wp20\/#\/schema\/person\/3e81f4867c46822cdeca159fa89142ae","name":"admin","image":{"@type":"ImageObject","inLanguage":"et","@id":"https:\/\/merkulova.thkit.ee\/wp20\/#\/schema\/person\/image\/","url":"https:\/\/secure.gravatar.com\/avatar\/4c53fa504772b2274d9d09d84825a2c569865fca538b5b70247d8f1668b9eb51?s=96&d=mm&r=g","contentUrl":"https:\/\/secure.gravatar.com\/avatar\/4c53fa504772b2274d9d09d84825a2c569865fca538b5b70247d8f1668b9eb51?s=96&d=mm&r=g","caption":"admin"},"logo":{"@id":"https:\/\/merkulova.thkit.ee\/wp20\/#\/schema\/person\/image\/"},"sameAs":["https:\/\/merkulova.thkit.ee\/wp20"]}]}},"_links":{"self":[{"href":"https:\/\/merkulova.thkit.ee\/wp20\/wp-json\/wp\/v2\/pages\/610","targetHints":{"allow":["GET"]}}],"collection":[{"href":"https:\/\/merkulova.thkit.ee\/wp20\/wp-json\/wp\/v2\/pages"}],"about":[{"href":"https:\/\/merkulova.thkit.ee\/wp20\/wp-json\/wp\/v2\/types\/page"}],"author":[{"embeddable":true,"href":"https:\/\/merkulova.thkit.ee\/wp20\/wp-json\/wp\/v2\/users\/1"}],"replies":[{"embeddable":true,"href":"https:\/\/merkulova.thkit.ee\/wp20\/wp-json\/wp\/v2\/comments?post=610"}],"version-history":[{"count":3,"href":"https:\/\/merkulova.thkit.ee\/wp20\/wp-json\/wp\/v2\/pages\/610\/revisions"}],"predecessor-version":[{"id":615,"href":"https:\/\/merkulova.thkit.ee\/wp20\/wp-json\/wp\/v2\/pages\/610\/revisions\/615"}],"wp:attachment":[{"href":"https:\/\/merkulova.thkit.ee\/wp20\/wp-json\/wp\/v2\/media?parent=610"}],"curies":[{"name":"wp","href":"https:\/\/api.w.org\/{rel}","templated":true}]}}