{"id":679,"date":"2025-10-13T08:06:34","date_gmt":"2025-10-13T06:06:34","guid":{"rendered":"https:\/\/merkulova.thkit.ee\/wp20\/?page_id=679"},"modified":"2025-10-13T08:42:37","modified_gmt":"2025-10-13T06:42:37","slug":"ab-halduse-konspekt","status":"publish","type":"page","link":"https:\/\/merkulova.thkit.ee\/wp20\/ab-halduse-konspekt\/","title":{"rendered":"AB halduse konspekt"},"content":{"rendered":"\n<pre class=\"wp-block-preformatted\"><strong>AB kasutajate rollid:<\/strong><br>-<strong><em>AB kasutaja<\/em><\/strong> - tavakasutaja, mis saab muuta, lisada, filtreerida ja otsida vastavalt vajadusele<br>-<strong><em>AB programmeerija<\/em><\/strong>  -loob funktsioonid ja protseduurid (trigerid)<br>-<strong><em>DBA -AB administraator<\/em><\/strong> - tagab, et \u00f5iged kasutajad saavad oma \u00f5igused<br>-<strong><em>AB projekteerija<\/em><\/strong> - loob tabeleid ja AB struktuuri<\/pre>\n\n\n\n<pre class=\"wp-block-preformatted\"><strong><em>DBA -AB administraator<\/em><\/strong> liigid:<br>*s\u00fcsteemiadmin<br>*AB arhitekt<br>*AB anal\u00fc\u00fctik<br>*Data warehouse admin - \u0430\u0434\u043c\u0438\u043d \u0445\u0440\u0430\u043d\u0438\u043b\u0438\u0449\u0435 \u0434\u0430\u043d\u043d\u044b\u0445 (andmeladu admin)<\/pre>\n\n\n\n<pre class=\"wp-block-preformatted\"><strong>DBA kaks peamist eesm\u00e4rki (\u00fclesanded):<\/strong><br>1. kasutajate toetus ja ligip\u00e4\u00e4su jagamine ja seadistamine.<br>2. AB turvalisus ja j\u00f5udluse tagamine.<\/pre>\n\n\n\n<pre class=\"wp-block-preformatted\"><strong>AB turvalisus - 3 p\u00f5hiaspekti:<\/strong><br>*<strong><em>andmete konfidentsiaalsus (confidentiality)<\/em><\/strong><br>           GRANT role to user [identified by pwd] [with grant option];<br>           REVOKE role from user;<br><br>*<strong><em>andmete k\u00e4ttesaadavus (availability) - \u0434\u043e\u0441\u0442\u0443\u043f\u043d\u043e\u0441\u0442\u044c<\/em><\/strong>  - andmed me saame k\u00e4tte \u00f5igel ajal ja \u00f5igel kasutajal<br>* <strong><em>andmete terviklikkus(integrity) - \u0446\u0435\u043b\u043e\u0441\u0442\u043d\u043e\u0441\u0442\u044c<\/em><\/strong> - usaldusv\u00e4\u00e4rne andmeallikad<\/pre>\n\n\n\n<figure class=\"wp-block-table\"><table class=\"has-fixed-layout\"><tbody><tr><td><strong>Risk<\/strong><\/td><td><strong>Ohutuse aspekt<\/strong><\/td><\/tr><tr><td>Inimlikud vead<\/td><td><strong><em>konfidentsiaalsus<\/em><\/strong>, <strong><em>k\u00e4ttesaadavus<\/em><\/strong>, <strong><em>terviklikkus<\/em><\/strong><\/td><\/tr><tr><td>f\u00fc\u00fcsilised vead (riistvara)<\/td><td><strong><em>k\u00e4ttesaadavus<\/em><\/strong>, <strong><em>terviklikkus<\/em><\/strong><\/td><\/tr><tr><td>operatsioonis\u00fcsteemi rikked<\/td><td><strong><em>k\u00e4ttesaadavus<\/em><\/strong>, <strong><em>terviklikkus<\/em><\/strong>, konfidentsiaalsus<\/td><\/tr><tr><td>andmebaasis\u00fcsteemi rikked<\/td><td><strong><em>k\u00e4ttesaadavus<\/em><\/strong>, <strong><em>terviklikkus<\/em><\/strong>, konfidentsiaalsus<\/td><\/tr><\/tbody><\/table><\/figure>\n\n\n\n<p>\u2022COMMIT<\/p>\n\n\n\n<p>\u2022ROLLBACK<\/p>\n\n\n\n<p>\u2022ROLLFORWARD<\/p>\n\n\n\n<p>\u2022Data Mining \u2013 \u043f\u043e\u0438\u0441\u043a \u0441\u043a\u0440\u044b\u0442\u044b\u0445 \u0448\u0430\u0431\u043b\u043e\u043d\u043e\u0432 \u2013 \u043c\u0435\u0442\u043e\u0434 \u2026<\/p>\n\n\n\n<p>\u2022Data Warehouse \u2013\u0425\u0440\u0430\u043d\u0438\u043b\u0438\u0449\u0435 \u0434\u0430\u043d\u043d\u044b\u0445<\/p>\n\n\n\n<p><\/p>\n","protected":false},"excerpt":{"rendered":"<p>AB kasutajate rollid:-AB kasutaja &#8211; tavakasutaja, mis saab muuta, lisada, filtreerida ja otsida vastavalt vajadusele-AB programmeerija -loob funktsioonid ja protseduurid (trigerid)-DBA -AB administraator &#8211; tagab, et \u00f5iged kasutajad saavad oma \u00f5igused-AB projekteerija &#8211; loob tabeleid ja AB struktuuri DBA -AB administraator liigid:*s\u00fcsteemiadmin*AB arhitekt*AB anal\u00fc\u00fctik*Data warehouse admin &#8211; \u0430\u0434\u043c\u0438\u043d \u0445\u0440\u0430\u043d\u0438\u043b\u0438\u0449\u0435 \u0434\u0430\u043d\u043d\u044b\u0445 (andmeladu admin) DBA kaks peamist [&hellip;]<\/p>\n","protected":false},"author":1,"featured_media":0,"parent":0,"menu_order":0,"comment_status":"closed","ping_status":"closed","template":"","meta":{"footnotes":""},"class_list":["post-679","page","type-page","status-publish","hentry"],"yoast_head":"<!-- This site is optimized with the Yoast SEO plugin v25.8 - https:\/\/yoast.com\/wordpress\/plugins\/seo\/ -->\n<title>AB halduse konspekt - Irina Merkulova &otilde;pimapp | portfoolio<\/title>\n<meta name=\"robots\" content=\"index, follow, max-snippet:-1, max-image-preview:large, max-video-preview:-1\" \/>\n<link rel=\"canonical\" href=\"https:\/\/merkulova.thkit.ee\/wp20\/ab-halduse-konspekt\/\" \/>\n<meta property=\"og:locale\" content=\"et_EE\" \/>\n<meta property=\"og:type\" content=\"article\" \/>\n<meta property=\"og:title\" content=\"AB halduse konspekt - Irina Merkulova &otilde;pimapp | portfoolio\" \/>\n<meta property=\"og:description\" content=\"AB kasutajate rollid:-AB kasutaja - tavakasutaja, mis saab muuta, lisada, filtreerida ja otsida vastavalt vajadusele-AB programmeerija -loob funktsioonid ja protseduurid (trigerid)-DBA -AB administraator - tagab, et \u00f5iged kasutajad saavad oma \u00f5igused-AB projekteerija - loob tabeleid ja AB struktuuri DBA -AB administraator liigid:*s\u00fcsteemiadmin*AB arhitekt*AB anal\u00fc\u00fctik*Data warehouse admin - \u0430\u0434\u043c\u0438\u043d \u0445\u0440\u0430\u043d\u0438\u043b\u0438\u0449\u0435 \u0434\u0430\u043d\u043d\u044b\u0445 (andmeladu admin) DBA kaks peamist [&hellip;]\" \/>\n<meta property=\"og:url\" content=\"https:\/\/merkulova.thkit.ee\/wp20\/ab-halduse-konspekt\/\" \/>\n<meta property=\"og:site_name\" content=\"Irina Merkulova &otilde;pimapp | portfoolio\" \/>\n<meta property=\"article:modified_time\" content=\"2025-10-13T06:42:37+00:00\" \/>\n<meta name=\"twitter:card\" content=\"summary_large_image\" \/>\n<meta name=\"twitter:label1\" content=\"Est. reading time\" \/>\n\t<meta name=\"twitter:data1\" content=\"1 minut\" \/>\n<script type=\"application\/ld+json\" class=\"yoast-schema-graph\">{\"@context\":\"https:\/\/schema.org\",\"@graph\":[{\"@type\":\"WebPage\",\"@id\":\"https:\/\/merkulova.thkit.ee\/wp20\/ab-halduse-konspekt\/\",\"url\":\"https:\/\/merkulova.thkit.ee\/wp20\/ab-halduse-konspekt\/\",\"name\":\"AB halduse konspekt - Irina Merkulova &otilde;pimapp | portfoolio\",\"isPartOf\":{\"@id\":\"https:\/\/merkulova.thkit.ee\/wp20\/#website\"},\"datePublished\":\"2025-10-13T06:06:34+00:00\",\"dateModified\":\"2025-10-13T06:42:37+00:00\",\"breadcrumb\":{\"@id\":\"https:\/\/merkulova.thkit.ee\/wp20\/ab-halduse-konspekt\/#breadcrumb\"},\"inLanguage\":\"et\",\"potentialAction\":[{\"@type\":\"ReadAction\",\"target\":[\"https:\/\/merkulova.thkit.ee\/wp20\/ab-halduse-konspekt\/\"]}]},{\"@type\":\"BreadcrumbList\",\"@id\":\"https:\/\/merkulova.thkit.ee\/wp20\/ab-halduse-konspekt\/#breadcrumb\",\"itemListElement\":[{\"@type\":\"ListItem\",\"position\":1,\"name\":\"\u0413\u043b\u0430\u0432\u043d\u0430\u044f \u0441\u0442\u0440\u0430\u043d\u0438\u0446\u0430\",\"item\":\"https:\/\/merkulova.thkit.ee\/wp20\/\"},{\"@type\":\"ListItem\",\"position\":2,\"name\":\"AB halduse konspekt\"}]},{\"@type\":\"WebSite\",\"@id\":\"https:\/\/merkulova.thkit.ee\/wp20\/#website\",\"url\":\"https:\/\/merkulova.thkit.ee\/wp20\/\",\"name\":\"Veebirakenduse portfoolio\",\"description\":\"Noorem Tarkvaraarendaja eriala\",\"publisher\":{\"@id\":\"https:\/\/merkulova.thkit.ee\/wp20\/#\/schema\/person\/3e81f4867c46822cdeca159fa89142ae\"},\"potentialAction\":[{\"@type\":\"SearchAction\",\"target\":{\"@type\":\"EntryPoint\",\"urlTemplate\":\"https:\/\/merkulova.thkit.ee\/wp20\/?s={search_term_string}\"},\"query-input\":{\"@type\":\"PropertyValueSpecification\",\"valueRequired\":true,\"valueName\":\"search_term_string\"}}],\"inLanguage\":\"et\"},{\"@type\":[\"Person\",\"Organization\"],\"@id\":\"https:\/\/merkulova.thkit.ee\/wp20\/#\/schema\/person\/3e81f4867c46822cdeca159fa89142ae\",\"name\":\"admin\",\"image\":{\"@type\":\"ImageObject\",\"inLanguage\":\"et\",\"@id\":\"https:\/\/merkulova.thkit.ee\/wp20\/#\/schema\/person\/image\/\",\"url\":\"https:\/\/secure.gravatar.com\/avatar\/4c53fa504772b2274d9d09d84825a2c569865fca538b5b70247d8f1668b9eb51?s=96&d=mm&r=g\",\"contentUrl\":\"https:\/\/secure.gravatar.com\/avatar\/4c53fa504772b2274d9d09d84825a2c569865fca538b5b70247d8f1668b9eb51?s=96&d=mm&r=g\",\"caption\":\"admin\"},\"logo\":{\"@id\":\"https:\/\/merkulova.thkit.ee\/wp20\/#\/schema\/person\/image\/\"},\"sameAs\":[\"https:\/\/merkulova.thkit.ee\/wp20\"]}]}<\/script>\n<!-- \/ Yoast SEO plugin. -->","yoast_head_json":{"title":"AB halduse konspekt - Irina Merkulova &otilde;pimapp | portfoolio","robots":{"index":"index","follow":"follow","max-snippet":"max-snippet:-1","max-image-preview":"max-image-preview:large","max-video-preview":"max-video-preview:-1"},"canonical":"https:\/\/merkulova.thkit.ee\/wp20\/ab-halduse-konspekt\/","og_locale":"et_EE","og_type":"article","og_title":"AB halduse konspekt - Irina Merkulova &otilde;pimapp | portfoolio","og_description":"AB kasutajate rollid:-AB kasutaja - tavakasutaja, mis saab muuta, lisada, filtreerida ja otsida vastavalt vajadusele-AB programmeerija -loob funktsioonid ja protseduurid (trigerid)-DBA -AB administraator - tagab, et \u00f5iged kasutajad saavad oma \u00f5igused-AB projekteerija - loob tabeleid ja AB struktuuri DBA -AB administraator liigid:*s\u00fcsteemiadmin*AB arhitekt*AB anal\u00fc\u00fctik*Data warehouse admin - \u0430\u0434\u043c\u0438\u043d \u0445\u0440\u0430\u043d\u0438\u043b\u0438\u0449\u0435 \u0434\u0430\u043d\u043d\u044b\u0445 (andmeladu admin) DBA kaks peamist [&hellip;]","og_url":"https:\/\/merkulova.thkit.ee\/wp20\/ab-halduse-konspekt\/","og_site_name":"Irina Merkulova &otilde;pimapp | portfoolio","article_modified_time":"2025-10-13T06:42:37+00:00","twitter_card":"summary_large_image","twitter_misc":{"Est. reading time":"1 minut"},"schema":{"@context":"https:\/\/schema.org","@graph":[{"@type":"WebPage","@id":"https:\/\/merkulova.thkit.ee\/wp20\/ab-halduse-konspekt\/","url":"https:\/\/merkulova.thkit.ee\/wp20\/ab-halduse-konspekt\/","name":"AB halduse konspekt - Irina Merkulova &otilde;pimapp | portfoolio","isPartOf":{"@id":"https:\/\/merkulova.thkit.ee\/wp20\/#website"},"datePublished":"2025-10-13T06:06:34+00:00","dateModified":"2025-10-13T06:42:37+00:00","breadcrumb":{"@id":"https:\/\/merkulova.thkit.ee\/wp20\/ab-halduse-konspekt\/#breadcrumb"},"inLanguage":"et","potentialAction":[{"@type":"ReadAction","target":["https:\/\/merkulova.thkit.ee\/wp20\/ab-halduse-konspekt\/"]}]},{"@type":"BreadcrumbList","@id":"https:\/\/merkulova.thkit.ee\/wp20\/ab-halduse-konspekt\/#breadcrumb","itemListElement":[{"@type":"ListItem","position":1,"name":"\u0413\u043b\u0430\u0432\u043d\u0430\u044f \u0441\u0442\u0440\u0430\u043d\u0438\u0446\u0430","item":"https:\/\/merkulova.thkit.ee\/wp20\/"},{"@type":"ListItem","position":2,"name":"AB halduse konspekt"}]},{"@type":"WebSite","@id":"https:\/\/merkulova.thkit.ee\/wp20\/#website","url":"https:\/\/merkulova.thkit.ee\/wp20\/","name":"Veebirakenduse portfoolio","description":"Noorem Tarkvaraarendaja eriala","publisher":{"@id":"https:\/\/merkulova.thkit.ee\/wp20\/#\/schema\/person\/3e81f4867c46822cdeca159fa89142ae"},"potentialAction":[{"@type":"SearchAction","target":{"@type":"EntryPoint","urlTemplate":"https:\/\/merkulova.thkit.ee\/wp20\/?s={search_term_string}"},"query-input":{"@type":"PropertyValueSpecification","valueRequired":true,"valueName":"search_term_string"}}],"inLanguage":"et"},{"@type":["Person","Organization"],"@id":"https:\/\/merkulova.thkit.ee\/wp20\/#\/schema\/person\/3e81f4867c46822cdeca159fa89142ae","name":"admin","image":{"@type":"ImageObject","inLanguage":"et","@id":"https:\/\/merkulova.thkit.ee\/wp20\/#\/schema\/person\/image\/","url":"https:\/\/secure.gravatar.com\/avatar\/4c53fa504772b2274d9d09d84825a2c569865fca538b5b70247d8f1668b9eb51?s=96&d=mm&r=g","contentUrl":"https:\/\/secure.gravatar.com\/avatar\/4c53fa504772b2274d9d09d84825a2c569865fca538b5b70247d8f1668b9eb51?s=96&d=mm&r=g","caption":"admin"},"logo":{"@id":"https:\/\/merkulova.thkit.ee\/wp20\/#\/schema\/person\/image\/"},"sameAs":["https:\/\/merkulova.thkit.ee\/wp20"]}]}},"_links":{"self":[{"href":"https:\/\/merkulova.thkit.ee\/wp20\/wp-json\/wp\/v2\/pages\/679","targetHints":{"allow":["GET"]}}],"collection":[{"href":"https:\/\/merkulova.thkit.ee\/wp20\/wp-json\/wp\/v2\/pages"}],"about":[{"href":"https:\/\/merkulova.thkit.ee\/wp20\/wp-json\/wp\/v2\/types\/page"}],"author":[{"embeddable":true,"href":"https:\/\/merkulova.thkit.ee\/wp20\/wp-json\/wp\/v2\/users\/1"}],"replies":[{"embeddable":true,"href":"https:\/\/merkulova.thkit.ee\/wp20\/wp-json\/wp\/v2\/comments?post=679"}],"version-history":[{"count":8,"href":"https:\/\/merkulova.thkit.ee\/wp20\/wp-json\/wp\/v2\/pages\/679\/revisions"}],"predecessor-version":[{"id":695,"href":"https:\/\/merkulova.thkit.ee\/wp20\/wp-json\/wp\/v2\/pages\/679\/revisions\/695"}],"wp:attachment":[{"href":"https:\/\/merkulova.thkit.ee\/wp20\/wp-json\/wp\/v2\/media?parent=679"}],"curies":[{"name":"wp","href":"https:\/\/api.w.org\/{rel}","templated":true}]}}